{"id":8915,"date":"2025-10-10T09:36:40","date_gmt":"2025-10-10T06:36:40","guid":{"rendered":"https:\/\/www.etkaotomotiv.com\/?page_id=8915"},"modified":"2025-10-10T09:52:10","modified_gmt":"2025-10-10T06:52:10","slug":"denetci-bilgileri","status":"publish","type":"page","link":"https:\/\/www.etkaotomotiv.com\/en\/denetci-bilgileri\/","title":{"rendered":"DENET\u00c7\u0130 B\u0130LG\u0130LER\u0130"},"content":{"rendered":"<div data-elementor-type=\"wp-page\" data-elementor-id=\"8915\" class=\"elementor elementor-8915\">\n\t\t\t\t\t\t<section class=\"elementor-section elementor-top-section elementor-element elementor-element-947e81a elementor-section-boxed elementor-section-height-default elementor-section-height-default\" data-id=\"947e81a\" data-element_type=\"section\" data-e-type=\"section\">\n\t\t\t\t\t\t<div class=\"elementor-container elementor-column-gap-default\">\n\t\t\t\t\t<div class=\"elementor-column elementor-col-100 elementor-top-column elementor-element elementor-element-0024ad9\" data-id=\"0024ad9\" data-element_type=\"column\" data-e-type=\"column\">\n\t\t\t<div class=\"elementor-widget-wrap elementor-element-populated\">\n\t\t\t\t\t\t<div class=\"elementor-element elementor-element-a39153b elementor-widget elementor-widget-heading\" data-id=\"a39153b\" data-element_type=\"widget\" data-e-type=\"widget\" data-widget_type=\"heading.default\">\n\t\t\t\t<div class=\"elementor-widget-container\">\n\t\t\t\t\t<h2 class=\"elementor-heading-title elementor-size-default\">                  DENET\u00c7\u0130<\/h2>\t\t\t\t<\/div>\n\t\t\t\t<\/div>\n\t\t\t\t<div class=\"elementor-element elementor-element-c27b315 elementor-widget elementor-widget-text-editor\" data-id=\"c27b315\" data-element_type=\"widget\" data-e-type=\"widget\" data-widget_type=\"text-editor.default\">\n\t\t\t\t<div class=\"elementor-widget-container\">\n\t\t\t\t\t\t\t\t\t<table class=\"alignleft\" style=\"width: 354pt;\" border=\"0\" width=\"471\" cellspacing=\"0\" cellpadding=\"0\"><colgroup> <col style=\"mso-width-source: userset; mso-width-alt: 7058; width: 145pt;\" width=\"193\" \/> <col style=\"mso-width-source: userset; mso-width-alt: 10166; width: 209pt;\" width=\"278\" \/> <\/colgroup><tbody><tr style=\"height: 15.0pt;\"><td class=\"xl66\" style=\"height: 15pt; width: 145pt; text-align: center;\" width=\"193\" height=\"20\">D\u00f6nem<\/td><td style=\"width: 209pt;\" width=\"278\">2021\/2022\/2023<\/td><\/tr><tr style=\"height: 15.0pt;\"><td class=\"xl66\" style=\"height: 15.0pt;\" height=\"20\">\u0130sim Soyisim\/Ticaret Unvan\u0131<\/td><td>ROTA Ba\u011f\u0131ms\u0131z Denetim ve Dan\u0131\u015fmanl\u0131k A.\u015e<\/td><\/tr><tr style=\"height: 15.0pt;\"><td class=\"xl66\" style=\"height: 15.0pt;\" height=\"20\">Address<\/td><td>Cafera\u011fa Mah. Genarel As\u0131m G\u00fcnd\u00fcz Cad.<\/td><\/tr><tr style=\"height: 15.0pt;\"><td style=\"height: 15.0pt;\" height=\"20\">\u00a0<\/td><td>No:82 D:5 P.K 34710 Kad\u0131k\u00f6y\/\u0130STANBUL<\/td><\/tr><tr style=\"height: 15.0pt;\"><td style=\"height: 15.0pt;\" height=\"20\">\u00a0<\/td><td>\u00a0<\/td><\/tr><tr style=\"height: 15.0pt;\"><td class=\"xl66\" style=\"height: 15.0pt;\" height=\"20\">Contact<\/td><td>0 216 470 66 86<\/td><\/tr><tr style=\"height: 15.0pt;\"><td style=\"height: 15.0pt;\" height=\"20\">\u00a0<\/td><td class=\"xl65\"><a href=\"http:\/\/www.rotadenetim.com\/\">www.rotadenetim.com<\/a><\/td><\/tr><\/tbody><\/table>\t\t\t\t\t\t\t\t<\/div>\n\t\t\t\t<\/div>\n\t\t\t\t\t<\/div>\n\t\t<\/div>\n\t\t\t\t\t<\/div>\n\t\t<\/section>\n\t\t\t\t<\/div>","protected":false},"excerpt":{"rendered":"<p>DENET\u00c7\u0130 D\u00f6nem 2021\/2022\/2023 \u0130sim Soyisim\/Ticaret Unvan\u0131 ROTA Ba\u011f\u0131ms\u0131z Denetim ve Dan\u0131\u015fmanl\u0131k A.\u015e Adres Cafera\u011fa Mah. Genarel As\u0131m G\u00fcnd\u00fcz Cad. \u00a0 No:82 D:5 P.K 34710 Kad\u0131k\u00f6y\/\u0130STANBUL \u00a0 \u00a0 \u0130leti\u015fim 0 216 470 66 86 \u00a0 www.rotadenetim.com<\/p>","protected":false},"author":1,"featured_media":0,"parent":0,"menu_order":0,"comment_status":"closed","ping_status":"closed","template":"","meta":{"footnotes":""},"class_list":["post-8915","page","type-page","status-publish","hentry"],"_links":{"self":[{"href":"https:\/\/www.etkaotomotiv.com\/en\/wp-json\/wp\/v2\/pages\/8915","targetHints":{"allow":["GET"]}}],"collection":[{"href":"https:\/\/www.etkaotomotiv.com\/en\/wp-json\/wp\/v2\/pages"}],"about":[{"href":"https:\/\/www.etkaotomotiv.com\/en\/wp-json\/wp\/v2\/types\/page"}],"author":[{"embeddable":true,"href":"https:\/\/www.etkaotomotiv.com\/en\/wp-json\/wp\/v2\/users\/1"}],"replies":[{"embeddable":true,"href":"https:\/\/www.etkaotomotiv.com\/en\/wp-json\/wp\/v2\/comments?post=8915"}],"version-history":[{"count":10,"href":"https:\/\/www.etkaotomotiv.com\/en\/wp-json\/wp\/v2\/pages\/8915\/revisions"}],"predecessor-version":[{"id":8930,"href":"https:\/\/www.etkaotomotiv.com\/en\/wp-json\/wp\/v2\/pages\/8915\/revisions\/8930"}],"wp:attachment":[{"href":"https:\/\/www.etkaotomotiv.com\/en\/wp-json\/wp\/v2\/media?parent=8915"}],"curies":[{"name":"wp","href":"https:\/\/api.w.org\/{rel}","templated":true}]}}