{"id":8911,"date":"2025-10-10T08:56:56","date_gmt":"2025-10-10T05:56:56","guid":{"rendered":"https:\/\/www.etkaotomotiv.com\/?page_id=8911"},"modified":"2025-10-10T09:37:09","modified_gmt":"2025-10-10T06:37:09","slug":"bilgi-toplumu-hizmetleri","status":"publish","type":"page","link":"https:\/\/www.etkaotomotiv.com\/en\/bilgi-toplumu-hizmetleri\/","title":{"rendered":"B\u0130LG\u0130 TOPLUMU H\u0130ZMETLER\u0130"},"content":{"rendered":"<div data-elementor-type=\"wp-page\" data-elementor-id=\"8911\" class=\"elementor elementor-8911\">\n\t\t\t\t\t\t<section class=\"elementor-section elementor-top-section elementor-element elementor-element-a06f6f3 elementor-section-boxed elementor-section-height-default elementor-section-height-default\" data-id=\"a06f6f3\" data-element_type=\"section\" data-e-type=\"section\">\n\t\t\t\t\t\t<div class=\"elementor-container elementor-column-gap-default\">\n\t\t\t\t\t<div class=\"elementor-column elementor-col-100 elementor-top-column elementor-element elementor-element-78c0568\" data-id=\"78c0568\" data-element_type=\"column\" data-e-type=\"column\">\n\t\t\t<div class=\"elementor-widget-wrap elementor-element-populated\">\n\t\t\t\t\t\t<div class=\"elementor-element elementor-element-a8e0e48 elementor-align-center elementor-widget elementor-widget-button\" data-id=\"a8e0e48\" data-element_type=\"widget\" data-e-type=\"widget\" data-widget_type=\"button.default\">\n\t\t\t\t<div class=\"elementor-widget-container\">\n\t\t\t\t\t\t\t\t\t<div class=\"elementor-button-wrapper\">\n\t\t\t\t\t<a class=\"elementor-button elementor-button-link elementor-size-sm\" href=\"https:\/\/www.etkaotomotiv.com\/en\/denetci-bilgileri\/\">\n\t\t\t\t\t\t<span class=\"elementor-button-content-wrapper\">\n\t\t\t\t\t\t\t\t\t<span class=\"elementor-button-text\">DENET\u00c7\u0130 B\u0130LG\u0130LER\u0130<\/span>\n\t\t\t\t\t<\/span>\n\t\t\t\t\t<\/a>\n\t\t\t\t<\/div>\n\t\t\t\t\t\t\t\t<\/div>\n\t\t\t\t<\/div>\n\t\t\t\t\t<\/div>\n\t\t<\/div>\n\t\t\t\t\t<\/div>\n\t\t<\/section>\n\t\t\t\t<\/div>","protected":false},"excerpt":{"rendered":"<p>DENET\u00c7\u0130 B\u0130LG\u0130LER\u0130<\/p>","protected":false},"author":1,"featured_media":0,"parent":0,"menu_order":0,"comment_status":"closed","ping_status":"closed","template":"","meta":{"footnotes":""},"class_list":["post-8911","page","type-page","status-publish","hentry"],"_links":{"self":[{"href":"https:\/\/www.etkaotomotiv.com\/en\/wp-json\/wp\/v2\/pages\/8911","targetHints":{"allow":["GET"]}}],"collection":[{"href":"https:\/\/www.etkaotomotiv.com\/en\/wp-json\/wp\/v2\/pages"}],"about":[{"href":"https:\/\/www.etkaotomotiv.com\/en\/wp-json\/wp\/v2\/types\/page"}],"author":[{"embeddable":true,"href":"https:\/\/www.etkaotomotiv.com\/en\/wp-json\/wp\/v2\/users\/1"}],"replies":[{"embeddable":true,"href":"https:\/\/www.etkaotomotiv.com\/en\/wp-json\/wp\/v2\/comments?post=8911"}],"version-history":[{"count":4,"href":"https:\/\/www.etkaotomotiv.com\/en\/wp-json\/wp\/v2\/pages\/8911\/revisions"}],"predecessor-version":[{"id":8920,"href":"https:\/\/www.etkaotomotiv.com\/en\/wp-json\/wp\/v2\/pages\/8911\/revisions\/8920"}],"wp:attachment":[{"href":"https:\/\/www.etkaotomotiv.com\/en\/wp-json\/wp\/v2\/media?parent=8911"}],"curies":[{"name":"wp","href":"https:\/\/api.w.org\/{rel}","templated":true}]}}