{"id":7943,"date":"2022-05-24T16:49:46","date_gmt":"2022-05-24T13:49:46","guid":{"rendered":"https:\/\/www.etkaotomotiv.com\/?page_id=7943"},"modified":"2024-12-18T13:13:43","modified_gmt":"2024-12-18T10:13:43","slug":"urunler","status":"publish","type":"page","link":"https:\/\/www.etkaotomotiv.com\/en\/urunler\/","title":{"rendered":"CATALOG"},"content":{"rendered":"<div data-elementor-type=\"wp-page\" data-elementor-id=\"7943\" class=\"elementor elementor-7943\">\n\t\t\t\t\t\t<section class=\"elementor-section elementor-top-section elementor-element elementor-element-3aea7eb elementor-section-boxed elementor-section-height-default elementor-section-height-default\" data-id=\"3aea7eb\" data-element_type=\"section\" data-e-type=\"section\">\n\t\t\t\t\t\t<div class=\"elementor-container elementor-column-gap-default\">\n\t\t\t\t\t<div class=\"elementor-column elementor-col-20 elementor-top-column elementor-element elementor-element-d6cbbee\" data-id=\"d6cbbee\" data-element_type=\"column\" data-e-type=\"column\">\n\t\t\t<div class=\"elementor-widget-wrap elementor-element-populated\">\n\t\t\t\t\t\t<div class=\"elementor-element elementor-element-d5bcc1a animated-fast elementor-invisible elementor-widget elementor-widget-image\" data-id=\"d5bcc1a\" data-element_type=\"widget\" data-e-type=\"widget\" data-settings=\"{&quot;_animation&quot;:&quot;pulse&quot;}\" data-widget_type=\"image.default\">\n\t\t\t\t<div class=\"elementor-widget-container\">\n\t\t\t\t\t\t\t\t\t\t\t\t<figure class=\"wp-caption\">\n\t\t\t\t\t\t\t\t\t\t\t<a href=\"https:\/\/www.etkaotomotiv.com\/en\/urunlerkatalogu\/\">\n\t\t\t\t\t\t\t<img fetchpriority=\"high\" decoding=\"async\" width=\"768\" height=\"1086\" src=\"https:\/\/www.etkaotomotiv.com\/wp-content\/uploads\/2022\/05\/1-product-on-768x1086.jpg\" class=\"attachment-medium_large size-medium_large wp-image-8063\" alt=\"\" srcset=\"https:\/\/www.etkaotomotiv.com\/wp-content\/uploads\/2022\/05\/1-product-on-768x1086.jpg 768w, https:\/\/www.etkaotomotiv.com\/wp-content\/uploads\/2022\/05\/1-product-on-212x300.jpg 212w, https:\/\/www.etkaotomotiv.com\/wp-content\/uploads\/2022\/05\/1-product-on-724x1024.jpg 724w, https:\/\/www.etkaotomotiv.com\/wp-content\/uploads\/2022\/05\/1-product-on-1086x1536.jpg 1086w, https:\/\/www.etkaotomotiv.com\/wp-content\/uploads\/2022\/05\/1-product-on-1448x2048.jpg 1448w, https:\/\/www.etkaotomotiv.com\/wp-content\/uploads\/2022\/05\/1-product-on-8x12.jpg 8w, https:\/\/www.etkaotomotiv.com\/wp-content\/uploads\/2022\/05\/1-product-on-scaled.jpg 1810w\" sizes=\"(max-width: 768px) 100vw, 768px\" \/>\t\t\t\t\t\t\t\t<\/a>\n\t\t\t\t\t\t\t\t\t\t\t<figcaption class=\"widget-image-caption wp-caption-text\">PRODUCT CATALOG<\/figcaption>\n\t\t\t\t\t\t\t\t\t\t<\/figure>\n\t\t\t\t\t\t\t\t\t<\/div>\n\t\t\t\t<\/div>\n\t\t\t\t\t<\/div>\n\t\t<\/div>\n\t\t\t\t<div class=\"elementor-column elementor-col-20 elementor-top-column elementor-element elementor-element-17515bf\" data-id=\"17515bf\" data-element_type=\"column\" data-e-type=\"column\">\n\t\t\t<div class=\"elementor-widget-wrap elementor-element-populated\">\n\t\t\t\t\t\t<div class=\"elementor-element elementor-element-59c1e79 animated-fast elementor-invisible elementor-widget elementor-widget-image\" data-id=\"59c1e79\" data-element_type=\"widget\" data-e-type=\"widget\" data-settings=\"{&quot;_animation&quot;:&quot;pulse&quot;}\" data-widget_type=\"image.default\">\n\t\t\t\t<div class=\"elementor-widget-container\">\n\t\t\t\t\t\t\t\t\t\t\t\t<figure class=\"wp-caption\">\n\t\t\t\t\t\t\t\t\t\t\t<a href=\"https:\/\/www.etkaotomotiv.com\/en\/firmakatalogu\/\">\n\t\t\t\t\t\t\t<img decoding=\"async\" width=\"768\" height=\"1086\" src=\"https:\/\/www.etkaotomotiv.com\/wp-content\/uploads\/2023\/02\/00-768x1086.jpg\" class=\"attachment-medium_large size-medium_large wp-image-8593\" alt=\"\" srcset=\"https:\/\/www.etkaotomotiv.com\/wp-content\/uploads\/2023\/02\/00-768x1086.jpg 768w, https:\/\/www.etkaotomotiv.com\/wp-content\/uploads\/2023\/02\/00-212x300.jpg 212w, https:\/\/www.etkaotomotiv.com\/wp-content\/uploads\/2023\/02\/00-724x1024.jpg 724w, https:\/\/www.etkaotomotiv.com\/wp-content\/uploads\/2023\/02\/00-1086x1536.jpg 1086w, https:\/\/www.etkaotomotiv.com\/wp-content\/uploads\/2023\/02\/00-1448x2048.jpg 1448w, https:\/\/www.etkaotomotiv.com\/wp-content\/uploads\/2023\/02\/00-8x12.jpg 8w, https:\/\/www.etkaotomotiv.com\/wp-content\/uploads\/2023\/02\/00-scaled.jpg 1810w\" sizes=\"(max-width: 768px) 100vw, 768px\" \/>\t\t\t\t\t\t\t\t<\/a>\n\t\t\t\t\t\t\t\t\t\t\t<figcaption class=\"widget-image-caption wp-caption-text\">COMPANY PROFILE<\/figcaption>\n\t\t\t\t\t\t\t\t\t\t<\/figure>\n\t\t\t\t\t\t\t\t\t<\/div>\n\t\t\t\t<\/div>\n\t\t\t\t\t<\/div>\n\t\t<\/div>\n\t\t\t\t<div class=\"elementor-column elementor-col-20 elementor-top-column elementor-element elementor-element-142bb3a\" data-id=\"142bb3a\" data-element_type=\"column\" data-e-type=\"column\">\n\t\t\t<div class=\"elementor-widget-wrap elementor-element-populated\">\n\t\t\t\t\t\t<div class=\"elementor-element elementor-element-3f7f1c3 animated-fast elementor-invisible elementor-widget elementor-widget-image\" data-id=\"3f7f1c3\" data-element_type=\"widget\" data-e-type=\"widget\" data-settings=\"{&quot;_animation&quot;:&quot;pulse&quot;}\" data-widget_type=\"image.default\">\n\t\t\t\t<div class=\"elementor-widget-container\">\n\t\t\t\t\t\t\t\t\t\t\t\t<figure class=\"wp-caption\">\n\t\t\t\t\t\t\t\t\t\t\t<a href=\"https:\/\/www.etkaotomotiv.com\/en\/proje-katalogu\/\">\n\t\t\t\t\t\t\t<img decoding=\"async\" width=\"768\" height=\"1086\" src=\"https:\/\/www.etkaotomotiv.com\/wp-content\/uploads\/2023\/02\/01-768x1086.jpg\" class=\"attachment-medium_large size-medium_large wp-image-8601\" alt=\"\" srcset=\"https:\/\/www.etkaotomotiv.com\/wp-content\/uploads\/2023\/02\/01-768x1086.jpg 768w, https:\/\/www.etkaotomotiv.com\/wp-content\/uploads\/2023\/02\/01-212x300.jpg 212w, https:\/\/www.etkaotomotiv.com\/wp-content\/uploads\/2023\/02\/01-724x1024.jpg 724w, https:\/\/www.etkaotomotiv.com\/wp-content\/uploads\/2023\/02\/01-1086x1536.jpg 1086w, https:\/\/www.etkaotomotiv.com\/wp-content\/uploads\/2023\/02\/01-1448x2048.jpg 1448w, https:\/\/www.etkaotomotiv.com\/wp-content\/uploads\/2023\/02\/01-8x12.jpg 8w, https:\/\/www.etkaotomotiv.com\/wp-content\/uploads\/2023\/02\/01-scaled.jpg 1810w\" sizes=\"(max-width: 768px) 100vw, 768px\" \/>\t\t\t\t\t\t\t\t<\/a>\n\t\t\t\t\t\t\t\t\t\t\t<figcaption class=\"widget-image-caption wp-caption-text\">PROJECT CATALOG<\/figcaption>\n\t\t\t\t\t\t\t\t\t\t<\/figure>\n\t\t\t\t\t\t\t\t\t<\/div>\n\t\t\t\t<\/div>\n\t\t\t\t\t<\/div>\n\t\t<\/div>\n\t\t\t\t<div class=\"elementor-column elementor-col-20 elementor-top-column elementor-element elementor-element-8a9c7d1\" data-id=\"8a9c7d1\" data-element_type=\"column\" data-e-type=\"column\">\n\t\t\t<div class=\"elementor-widget-wrap elementor-element-populated\">\n\t\t\t\t\t\t<div class=\"elementor-element elementor-element-31a7af9 animated-fast elementor-invisible elementor-widget elementor-widget-image\" data-id=\"31a7af9\" data-element_type=\"widget\" data-e-type=\"widget\" data-settings=\"{&quot;_animation&quot;:&quot;pulse&quot;}\" data-widget_type=\"image.default\">\n\t\t\t\t<div class=\"elementor-widget-container\">\n\t\t\t\t\t\t\t\t\t\t\t\t<figure class=\"wp-caption\">\n\t\t\t\t\t\t\t\t\t\t\t<a href=\"https:\/\/www.etkaotomotiv.com\/en\/aviation-catalog\/\">\n\t\t\t\t\t\t\t<img loading=\"lazy\" decoding=\"async\" width=\"768\" height=\"1086\" src=\"https:\/\/www.etkaotomotiv.com\/wp-content\/uploads\/2024\/12\/1-768x1086.jpg\" class=\"attachment-medium_large size-medium_large wp-image-8824\" alt=\"\" srcset=\"https:\/\/www.etkaotomotiv.com\/wp-content\/uploads\/2024\/12\/1-768x1086.jpg 768w, https:\/\/www.etkaotomotiv.com\/wp-content\/uploads\/2024\/12\/1-212x300.jpg 212w, https:\/\/www.etkaotomotiv.com\/wp-content\/uploads\/2024\/12\/1-724x1024.jpg 724w, https:\/\/www.etkaotomotiv.com\/wp-content\/uploads\/2024\/12\/1-1086x1536.jpg 1086w, https:\/\/www.etkaotomotiv.com\/wp-content\/uploads\/2024\/12\/1-1448x2048.jpg 1448w, https:\/\/www.etkaotomotiv.com\/wp-content\/uploads\/2024\/12\/1-8x12.jpg 8w, https:\/\/www.etkaotomotiv.com\/wp-content\/uploads\/2024\/12\/1-scaled.jpg 1810w\" sizes=\"(max-width: 768px) 100vw, 768px\" \/>\t\t\t\t\t\t\t\t<\/a>\n\t\t\t\t\t\t\t\t\t\t\t<figcaption class=\"widget-image-caption wp-caption-text\">HAVACILIK KATALO\u011eU<\/figcaption>\n\t\t\t\t\t\t\t\t\t\t<\/figure>\n\t\t\t\t\t\t\t\t\t<\/div>\n\t\t\t\t<\/div>\n\t\t\t\t\t<\/div>\n\t\t<\/div>\n\t\t\t\t<div class=\"elementor-column elementor-col-20 elementor-top-column elementor-element elementor-element-d74c5c9\" data-id=\"d74c5c9\" data-element_type=\"column\" data-e-type=\"column\">\n\t\t\t<div class=\"elementor-widget-wrap elementor-element-populated\">\n\t\t\t\t\t\t<div class=\"elementor-element elementor-element-f1f9d65 animated-fast elementor-invisible elementor-widget elementor-widget-image\" data-id=\"f1f9d65\" data-element_type=\"widget\" data-e-type=\"widget\" data-settings=\"{&quot;_animation&quot;:&quot;pulse&quot;}\" data-widget_type=\"image.default\">\n\t\t\t\t<div class=\"elementor-widget-container\">\n\t\t\t\t\t\t\t\t\t\t\t\t<figure class=\"wp-caption\">\n\t\t\t\t\t\t\t\t\t\t\t<a href=\"https:\/\/www.etkaotomotiv.com\/en\/karavan-katalogu\/\">\n\t\t\t\t\t\t\t<img loading=\"lazy\" decoding=\"async\" width=\"768\" height=\"1086\" src=\"https:\/\/www.etkaotomotiv.com\/wp-content\/uploads\/2024\/12\/K01-KARAVAN-KAPAK-tekli.jpg\" class=\"attachment-medium_large size-medium_large wp-image-8879\" alt=\"\" srcset=\"https:\/\/www.etkaotomotiv.com\/wp-content\/uploads\/2024\/12\/K01-KARAVAN-KAPAK-tekli.jpg 768w, https:\/\/www.etkaotomotiv.com\/wp-content\/uploads\/2024\/12\/K01-KARAVAN-KAPAK-tekli-212x300.jpg 212w, https:\/\/www.etkaotomotiv.com\/wp-content\/uploads\/2024\/12\/K01-KARAVAN-KAPAK-tekli-724x1024.jpg 724w, https:\/\/www.etkaotomotiv.com\/wp-content\/uploads\/2024\/12\/K01-KARAVAN-KAPAK-tekli-8x12.jpg 8w\" sizes=\"(max-width: 768px) 100vw, 768px\" \/>\t\t\t\t\t\t\t\t<\/a>\n\t\t\t\t\t\t\t\t\t\t\t<figcaption class=\"widget-image-caption wp-caption-text\">KARAVAN KATALO\u011eU<\/figcaption>\n\t\t\t\t\t\t\t\t\t\t<\/figure>\n\t\t\t\t\t\t\t\t\t<\/div>\n\t\t\t\t<\/div>\n\t\t\t\t\t<\/div>\n\t\t<\/div>\n\t\t\t\t\t<\/div>\n\t\t<\/section>\n\t\t\t\t<\/div>","protected":false},"excerpt":{"rendered":"<p>\u00dcR\u00dcN KATALO\u011eU \u015e\u0130RKET PROF\u0130L\u0130 PROJE KATALO\u011eU HAVACILIK KATALO\u011eU KARAVAN KATALO\u011eU<\/p>","protected":false},"author":1,"featured_media":0,"parent":0,"menu_order":0,"comment_status":"closed","ping_status":"closed","template":"","meta":{"footnotes":""},"class_list":["post-7943","page","type-page","status-publish","hentry"],"_links":{"self":[{"href":"https:\/\/www.etkaotomotiv.com\/en\/wp-json\/wp\/v2\/pages\/7943","targetHints":{"allow":["GET"]}}],"collection":[{"href":"https:\/\/www.etkaotomotiv.com\/en\/wp-json\/wp\/v2\/pages"}],"about":[{"href":"https:\/\/www.etkaotomotiv.com\/en\/wp-json\/wp\/v2\/types\/page"}],"author":[{"embeddable":true,"href":"https:\/\/www.etkaotomotiv.com\/en\/wp-json\/wp\/v2\/users\/1"}],"replies":[{"embeddable":true,"href":"https:\/\/www.etkaotomotiv.com\/en\/wp-json\/wp\/v2\/comments?post=7943"}],"version-history":[{"count":61,"href":"https:\/\/www.etkaotomotiv.com\/en\/wp-json\/wp\/v2\/pages\/7943\/revisions"}],"predecessor-version":[{"id":8907,"href":"https:\/\/www.etkaotomotiv.com\/en\/wp-json\/wp\/v2\/pages\/7943\/revisions\/8907"}],"wp:attachment":[{"href":"https:\/\/www.etkaotomotiv.com\/en\/wp-json\/wp\/v2\/media?parent=7943"}],"curies":[{"name":"wp","href":"https:\/\/api.w.org\/{rel}","templated":true}]}}