{"id":7370,"date":"2022-01-16T14:48:16","date_gmt":"2022-01-16T11:48:16","guid":{"rendered":"https:\/\/www.etkaotomotiv.com\/?page_id=7370"},"modified":"2022-05-26T11:35:48","modified_gmt":"2022-05-26T08:35:48","slug":"tablet","status":"publish","type":"page","link":"https:\/\/www.etkaotomotiv.com\/en\/tablet\/","title":{"rendered":"Table"},"content":{"rendered":"<div data-elementor-type=\"wp-page\" data-elementor-id=\"7370\" class=\"elementor elementor-7370\">\n\t\t\t\t\t\t<section class=\"elementor-section elementor-top-section elementor-element elementor-element-e38deda elementor-section-boxed elementor-section-height-default elementor-section-height-default\" data-id=\"e38deda\" data-element_type=\"section\" data-e-type=\"section\">\n\t\t\t\t\t\t<div class=\"elementor-container elementor-column-gap-default\">\n\t\t\t\t\t<div class=\"elementor-column elementor-col-100 elementor-top-column elementor-element elementor-element-5e9e6e4\" data-id=\"5e9e6e4\" data-element_type=\"column\" data-e-type=\"column\">\n\t\t\t<div class=\"elementor-widget-wrap elementor-element-populated\">\n\t\t\t\t\t\t<div class=\"elementor-element elementor-element-04a9eb7 elementor-arrows-position-inside elementor-pagination-position-outside elementor-widget elementor-widget-image-carousel\" data-id=\"04a9eb7\" data-element_type=\"widget\" data-e-type=\"widget\" data-settings=\"{&quot;slides_to_show&quot;:&quot;1&quot;,&quot;navigation&quot;:&quot;both&quot;,&quot;autoplay&quot;:&quot;yes&quot;,&quot;pause_on_hover&quot;:&quot;yes&quot;,&quot;pause_on_interaction&quot;:&quot;yes&quot;,&quot;autoplay_speed&quot;:5000,&quot;infinite&quot;:&quot;yes&quot;,&quot;effect&quot;:&quot;slide&quot;,&quot;speed&quot;:500}\" data-widget_type=\"image-carousel.default\">\n\t\t\t\t<div class=\"elementor-widget-container\">\n\t\t\t\t\t\t\t<div class=\"elementor-image-carousel-wrapper swiper\" role=\"region\" aria-roledescription=\"carousel\" aria-label=\"Resim D\u00f6ng\u00fcs\u00fc\" dir=\"ltr\">\n\t\t\t<div class=\"elementor-image-carousel swiper-wrapper\" aria-live=\"off\">\n\t\t\t\t\t\t\t\t<div class=\"swiper-slide\" role=\"group\" aria-roledescription=\"slide\" aria-label=\"1 \/ 21\"><figure class=\"swiper-slide-inner\"><img decoding=\"async\" class=\"swiper-slide-image\" src=\"https:\/\/www.etkaotomotiv.com\/wp-content\/uploads\/elementor\/thumbs\/yeni-kapak-tableton-kopya-scaled-ppbk8y3rzxquoggnosrkd39snm9v6q99cl1ekpavjo.jpg\" alt=\"yeni kapak tablet\u00f6n kopya\" \/><\/figure><\/div><div class=\"swiper-slide\" role=\"group\" aria-roledescription=\"slide\" aria-label=\"2 \/ 21\"><figure class=\"swiper-slide-inner\"><img decoding=\"async\" class=\"swiper-slide-image\" src=\"https:\/\/www.etkaotomotiv.com\/wp-content\/uploads\/elementor\/thumbs\/1-2-scaled-ppdje6o2ebvy5g4duwp1hrrs2m9b406zhj98pjq910.jpg\" alt=\"1\" \/><\/figure><\/div><div class=\"swiper-slide\" role=\"group\" aria-roledescription=\"slide\" aria-label=\"3 \/ 21\"><figure class=\"swiper-slide-inner\"><img decoding=\"async\" class=\"swiper-slide-image\" src=\"https:\/\/www.etkaotomotiv.com\/wp-content\/uploads\/elementor\/thumbs\/2-1-scaled-ppdjelphfogjb7ijf372lnz5ks76j5uovlp0dz3y9g.jpg\" alt=\"2\" \/><\/figure><\/div><div class=\"swiper-slide\" role=\"group\" aria-roledescription=\"slide\" aria-label=\"4 \/ 21\"><figure class=\"swiper-slide-inner\"><img decoding=\"async\" class=\"swiper-slide-image\" src=\"https:\/\/www.etkaotomotiv.com\/wp-content\/uploads\/elementor\/thumbs\/3-1-scaled-ppdjf0qwh114gywoz9p3pk6j2y51ybie9o4s2ehnhw.jpg\" alt=\"3\" \/><\/figure><\/div><div class=\"swiper-slide\" role=\"group\" aria-roledescription=\"slide\" aria-label=\"5 \/ 21\"><figure class=\"swiper-slide-inner\"><img decoding=\"async\" class=\"swiper-slide-image\" src=\"https:\/\/www.etkaotomotiv.com\/wp-content\/uploads\/elementor\/thumbs\/4-scaled-ppdjfyl3b2bg2xjjhobo7bn4gti9nf8qebm9cd3h9w.jpg\" alt=\"4\" \/><\/figure><\/div><div class=\"swiper-slide\" role=\"group\" aria-roledescription=\"slide\" aria-label=\"6 \/ 21\"><figure class=\"swiper-slide-inner\"><img decoding=\"async\" class=\"swiper-slide-image\" src=\"https:\/\/www.etkaotomotiv.com\/wp-content\/uploads\/elementor\/thumbs\/5-scaled-ppdjgrq36xfc2ud7rix3umaevrina1geubub7xw9x0.jpg\" alt=\"5\" \/><\/figure><\/div><div class=\"swiper-slide\" role=\"group\" aria-roledescription=\"slide\" aria-label=\"7 \/ 21\"><figure class=\"swiper-slide-inner\"><img decoding=\"async\" class=\"swiper-slide-image\" src=\"https:\/\/www.etkaotomotiv.com\/wp-content\/uploads\/elementor\/thumbs\/6-scaled-ppdjgxd4bxn20i50ulcv9kv6g2quk82sv3r83lnwvo.jpg\" alt=\"6\" \/><\/figure><\/div><div class=\"swiper-slide\" role=\"group\" aria-roledescription=\"slide\" aria-label=\"8 \/ 21\"><figure class=\"swiper-slide-inner\"><img decoding=\"async\" class=\"swiper-slide-image\" src=\"https:\/\/www.etkaotomotiv.com\/wp-content\/uploads\/elementor\/thumbs\/7-scaled-ppdjhg5w4mcsgpdpstheng4ebs66u65flosxp4w1f8.jpg\" alt=\"7\" \/><\/figure><\/div><div class=\"swiper-slide\" role=\"group\" aria-roledescription=\"slide\" aria-label=\"9 \/ 21\"><figure class=\"swiper-slide-inner\"><img decoding=\"async\" class=\"swiper-slide-image\" src=\"https:\/\/www.etkaotomotiv.com\/wp-content\/uploads\/elementor\/thumbs\/8-scaled-ppdjhmqrgglspz45qebsmwgmhh9rc1vjyldc22ma7o.jpg\" alt=\"8\" \/><\/figure><\/div><div class=\"swiper-slide\" role=\"group\" aria-roledescription=\"slide\" aria-label=\"10 \/ 21\"><figure class=\"swiper-slide-inner\"><img decoding=\"async\" class=\"swiper-slide-image\" src=\"https:\/\/www.etkaotomotiv.com\/wp-content\/uploads\/elementor\/thumbs\/9-scaled-ppdjigtlj5qz1hwgurbuuovdht5i6d6yqq8vexdook.jpg\" alt=\"9\" \/><\/figure><\/div><div class=\"swiper-slide\" role=\"group\" aria-roledescription=\"slide\" aria-label=\"11 \/ 21\"><figure class=\"swiper-slide-inner\"><img decoding=\"async\" class=\"swiper-slide-image\" src=\"https:\/\/www.etkaotomotiv.com\/wp-content\/uploads\/elementor\/thumbs\/10-scaled-ppdjj59eguoffcwyw1w5nipcxtt1qhvzi37hw4dg6s.jpg\" alt=\"10\" \/><\/figure><\/div><div class=\"swiper-slide\" role=\"group\" aria-roledescription=\"slide\" aria-label=\"12 \/ 21\"><figure class=\"swiper-slide-inner\"><img decoding=\"async\" class=\"swiper-slide-image\" src=\"https:\/\/www.etkaotomotiv.com\/wp-content\/uploads\/elementor\/thumbs\/11-scaled-ppdjjsrd7pklhlyu2u1tvurvsgl82xh9xbimw1elv8.jpg\" alt=\"11\" \/><\/figure><\/div><div class=\"swiper-slide\" role=\"group\" aria-roledescription=\"slide\" aria-label=\"13 \/ 21\"><figure class=\"swiper-slide-inner\"><img decoding=\"async\" class=\"swiper-slide-image\" src=\"https:\/\/www.etkaotomotiv.com\/wp-content\/uploads\/elementor\/thumbs\/12-scaled-ppdjkopvo2scgcoew7v58mpjzk7pcn05dpp57g37zo.jpg\" alt=\"12\" \/><\/figure><\/div><div class=\"swiper-slide\" role=\"group\" aria-roledescription=\"slide\" aria-label=\"14 \/ 21\"><figure class=\"swiper-slide-inner\"><img decoding=\"async\" class=\"swiper-slide-image\" src=\"https:\/\/www.etkaotomotiv.com\/wp-content\/uploads\/elementor\/thumbs\/13-scaled-ppdjle3islr35tnjs0u2lyb00yqm4gswh7b95x1lbo.jpg\" alt=\"13\" \/><\/figure><\/div><div class=\"swiper-slide\" role=\"group\" aria-roledescription=\"slide\" aria-label=\"15 \/ 21\"><figure class=\"swiper-slide-inner\"><img decoding=\"async\" class=\"swiper-slide-image\" src=\"https:\/\/www.etkaotomotiv.com\/wp-content\/uploads\/elementor\/thumbs\/14-scaled-ppdjlkoe4g03f3dzploglen86nu6mcj0u3vniuru44.jpg\" alt=\"14\" \/><\/figure><\/div><div class=\"swiper-slide\" role=\"group\" aria-roledescription=\"slide\" aria-label=\"16 \/ 21\"><figure class=\"swiper-slide-inner\"><img decoding=\"async\" class=\"swiper-slide-image\" src=\"https:\/\/www.etkaotomotiv.com\/wp-content\/uploads\/elementor\/thumbs\/15-scaled-ppdjm94724xjsyehqw8re8h7mohq6h81lgua01rlmc.jpg\" alt=\"15\" \/><\/figure><\/div><div class=\"swiper-slide\" role=\"group\" aria-roledescription=\"slide\" aria-label=\"17 \/ 21\"><figure class=\"swiper-slide-inner\"><img decoding=\"async\" class=\"swiper-slide-image\" src=\"https:\/\/www.etkaotomotiv.com\/wp-content\/uploads\/elementor\/thumbs\/16-scaled-ppdjmxjzztv06tezs6t272b72p59qlx2ctswh8rd4k.jpg\" alt=\"16\" \/><\/figure><\/div><div class=\"swiper-slide\" role=\"group\" aria-roledescription=\"slide\" aria-label=\"18 \/ 21\"><figure class=\"swiper-slide-inner\"><img decoding=\"async\" class=\"swiper-slide-image\" src=\"https:\/\/www.etkaotomotiv.com\/wp-content\/uploads\/elementor\/thumbs\/17-scaled-ppdjnnvhb6v17wcrii6m4vo3phjjq4tjsg2hwzocac.jpg\" alt=\"17\" \/><\/figure><\/div><div class=\"swiper-slide\" role=\"group\" aria-roledescription=\"slide\" aria-label=\"19 \/ 21\"><figure class=\"swiper-slide-inner\"><img decoding=\"async\" class=\"swiper-slide-image\" src=\"https:\/\/www.etkaotomotiv.com\/wp-content\/uploads\/elementor\/thumbs\/18-scaled-ppdjocba8vshlrd9jsqwxpi35i73a9ikjt14e6o3sk.jpg\" alt=\"18\" \/><\/figure><\/div><div class=\"swiper-slide\" role=\"group\" aria-roledescription=\"slide\" aria-label=\"20 \/ 21\"><figure class=\"swiper-slide-inner\"><img decoding=\"async\" class=\"swiper-slide-image\" src=\"https:\/\/www.etkaotomotiv.com\/wp-content\/uploads\/elementor\/thumbs\/19-scaled-ppdjooj6pq97sovikg12c4f2viiv2bv2xhifms5zjo.jpg\" alt=\"19\" \/><\/figure><\/div><div class=\"swiper-slide\" role=\"group\" aria-roledescription=\"slide\" aria-label=\"21 \/ 21\"><figure class=\"swiper-slide-inner\"><img decoding=\"async\" class=\"swiper-slide-image\" src=\"https:\/\/www.etkaotomotiv.com\/wp-content\/uploads\/elementor\/thumbs\/20-scaled-ppdjpho6lld3slp6uamhzf2dagj8oy2rdhqhicys6s.jpg\" alt=\"20\" \/><\/figure><\/div>\t\t\t<\/div>\n\t\t\t\t\t\t\t\t\t\t\t\t<div class=\"elementor-swiper-button elementor-swiper-button-prev\" role=\"button\" tabindex=\"0\">\n\t\t\t\t\t\t<i aria-hidden=\"true\" class=\"eicon-chevron-left\"><\/i>\t\t\t\t\t<\/div>\n\t\t\t\t\t<div class=\"elementor-swiper-button elementor-swiper-button-next\" role=\"button\" tabindex=\"0\">\n\t\t\t\t\t\t<i aria-hidden=\"true\" class=\"eicon-chevron-right\"><\/i>\t\t\t\t\t<\/div>\n\t\t\t\t\n\t\t\t\t\t\t\t\t\t<div class=\"swiper-pagination\"><\/div>\n\t\t\t\t\t\t\t\t\t<\/div>\n\t\t\t\t\t\t<\/div>\n\t\t\t\t<\/div>\n\t\t\t\t\t<\/div>\n\t\t<\/div>\n\t\t\t\t\t<\/div>\n\t\t<\/section>\n\t\t\t\t<\/div>","protected":false},"excerpt":{"rendered":"<p>\u00d6nceki Sonraki<\/p>","protected":false},"author":1,"featured_media":0,"parent":0,"menu_order":0,"comment_status":"closed","ping_status":"closed","template":"","meta":{"footnotes":""},"class_list":["post-7370","page","type-page","status-publish","hentry"],"_links":{"self":[{"href":"https:\/\/www.etkaotomotiv.com\/en\/wp-json\/wp\/v2\/pages\/7370","targetHints":{"allow":["GET"]}}],"collection":[{"href":"https:\/\/www.etkaotomotiv.com\/en\/wp-json\/wp\/v2\/pages"}],"about":[{"href":"https:\/\/www.etkaotomotiv.com\/en\/wp-json\/wp\/v2\/types\/page"}],"author":[{"embeddable":true,"href":"https:\/\/www.etkaotomotiv.com\/en\/wp-json\/wp\/v2\/users\/1"}],"replies":[{"embeddable":true,"href":"https:\/\/www.etkaotomotiv.com\/en\/wp-json\/wp\/v2\/comments?post=7370"}],"version-history":[{"count":25,"href":"https:\/\/www.etkaotomotiv.com\/en\/wp-json\/wp\/v2\/pages\/7370\/revisions"}],"predecessor-version":[{"id":8161,"href":"https:\/\/www.etkaotomotiv.com\/en\/wp-json\/wp\/v2\/pages\/7370\/revisions\/8161"}],"wp:attachment":[{"href":"https:\/\/www.etkaotomotiv.com\/en\/wp-json\/wp\/v2\/media?parent=7370"}],"curies":[{"name":"wp","href":"https:\/\/api.w.org\/{rel}","templated":true}]}}