{"id":7344,"date":"2022-01-15T00:26:54","date_gmt":"2022-01-14T21:26:54","guid":{"rendered":"https:\/\/www.etkaotomotiv.com\/?page_id=7344"},"modified":"2023-02-27T10:43:43","modified_gmt":"2023-02-27T07:43:43","slug":"kolcak","status":"publish","type":"page","link":"https:\/\/www.etkaotomotiv.com\/en\/kolcak\/","title":{"rendered":"Armrest"},"content":{"rendered":"<div data-elementor-type=\"wp-page\" data-elementor-id=\"7344\" class=\"elementor elementor-7344\">\n\t\t\t\t\t\t<section class=\"elementor-section elementor-top-section elementor-element elementor-element-9fadff7 elementor-section-boxed elementor-section-height-default elementor-section-height-default\" data-id=\"9fadff7\" data-element_type=\"section\" data-e-type=\"section\">\n\t\t\t\t\t\t<div class=\"elementor-container elementor-column-gap-default\">\n\t\t\t\t\t<div class=\"elementor-column elementor-col-100 elementor-top-column elementor-element elementor-element-7c17329\" data-id=\"7c17329\" data-element_type=\"column\" data-e-type=\"column\">\n\t\t\t<div class=\"elementor-widget-wrap elementor-element-populated\">\n\t\t\t\t\t\t<div class=\"elementor-element elementor-element-c7eafd5 elementor-button-info elementor-align-center elementor-widget elementor-widget-button\" data-id=\"c7eafd5\" data-element_type=\"widget\" data-e-type=\"widget\" data-widget_type=\"button.default\">\n\t\t\t\t<div class=\"elementor-widget-container\">\n\t\t\t\t\t\t\t\t\t<div class=\"elementor-button-wrapper\">\n\t\t\t\t\t<a class=\"elementor-button elementor-button-link elementor-size-md\" href=\"https:\/\/www.etkaotomotiv.com\/wp-content\/uploads\/2023\/02\/kolcak-katalogu-rev01.pdf\" target=\"_blank\">\n\t\t\t\t\t\t<span class=\"elementor-button-content-wrapper\">\n\t\t\t\t\t\t\t\t\t<span class=\"elementor-button-text\">\u0130ndirmek i\u00e7in t\u0131klay\u0131n<\/span>\n\t\t\t\t\t<\/span>\n\t\t\t\t\t<\/a>\n\t\t\t\t<\/div>\n\t\t\t\t\t\t\t\t<\/div>\n\t\t\t\t<\/div>\n\t\t\t\t\t<\/div>\n\t\t<\/div>\n\t\t\t\t\t<\/div>\n\t\t<\/section>\n\t\t\t\t<section class=\"elementor-section elementor-top-section elementor-element elementor-element-a948245 elementor-section-boxed elementor-section-height-default elementor-section-height-default\" data-id=\"a948245\" data-element_type=\"section\" data-e-type=\"section\">\n\t\t\t\t\t\t<div class=\"elementor-container elementor-column-gap-default\">\n\t\t\t\t\t<div class=\"elementor-column elementor-col-100 elementor-top-column elementor-element elementor-element-c16c2c5\" data-id=\"c16c2c5\" data-element_type=\"column\" data-e-type=\"column\">\n\t\t\t<div class=\"elementor-widget-wrap elementor-element-populated\">\n\t\t\t\t\t\t<div class=\"elementor-element elementor-element-8ff249c elementor-arrows-position-inside elementor-pagination-position-outside elementor-widget elementor-widget-image-carousel\" data-id=\"8ff249c\" data-element_type=\"widget\" data-e-type=\"widget\" data-settings=\"{&quot;slides_to_show&quot;:&quot;1&quot;,&quot;navigation&quot;:&quot;both&quot;,&quot;autoplay&quot;:&quot;yes&quot;,&quot;pause_on_hover&quot;:&quot;yes&quot;,&quot;pause_on_interaction&quot;:&quot;yes&quot;,&quot;autoplay_speed&quot;:5000,&quot;infinite&quot;:&quot;yes&quot;,&quot;effect&quot;:&quot;slide&quot;,&quot;speed&quot;:500}\" data-widget_type=\"image-carousel.default\">\n\t\t\t\t<div class=\"elementor-widget-container\">\n\t\t\t\t\t\t\t<div class=\"elementor-image-carousel-wrapper swiper\" role=\"region\" aria-roledescription=\"carousel\" aria-label=\"Resim D\u00f6ng\u00fcs\u00fc\" dir=\"ltr\">\n\t\t\t<div class=\"elementor-image-carousel swiper-wrapper\" aria-live=\"off\">\n\t\t\t\t\t\t\t\t<div class=\"swiper-slide\" role=\"group\" aria-roledescription=\"slide\" aria-label=\"1 \/ 40\"><figure class=\"swiper-slide-inner\"><img decoding=\"async\" class=\"swiper-slide-image\" src=\"https:\/\/www.etkaotomotiv.com\/wp-content\/uploads\/elementor\/thumbs\/00-1-scaled-q2rhfs0yledq7lgi8vsom8gk3ei9py81we1d0upy5w.jpg\" alt=\"00\" \/><\/figure><\/div><div class=\"swiper-slide\" role=\"group\" aria-roledescription=\"slide\" aria-label=\"2 \/ 40\"><figure class=\"swiper-slide-inner\"><img decoding=\"async\" class=\"swiper-slide-image\" src=\"https:\/\/www.etkaotomotiv.com\/wp-content\/uploads\/elementor\/thumbs\/1-scaled-q2rhg0hiawpb4347vhgbqobpfvckn85mxjwqccdelw.jpg\" alt=\"1\" \/><\/figure><\/div><div class=\"swiper-slide\" role=\"group\" aria-roledescription=\"slide\" aria-label=\"3 \/ 40\"><figure class=\"swiper-slide-inner\"><img decoding=\"async\" class=\"swiper-slide-image\" src=\"https:\/\/www.etkaotomotiv.com\/wp-content\/uploads\/elementor\/thumbs\/2-scaled-q2rhgwg0r9x22ttsov9n3g9dmyz1wxoidy38nr20qc.jpg\" alt=\"2\" \/><\/figure><\/div><div class=\"swiper-slide\" role=\"group\" aria-roledescription=\"slide\" aria-label=\"4 \/ 40\"><figure class=\"swiper-slide-inner\"><img decoding=\"async\" class=\"swiper-slide-image\" src=\"https:\/\/www.etkaotomotiv.com\/wp-content\/uploads\/elementor\/thumbs\/3-scaled-q2rhh5uenm9xaxg55zbwsdvzktoq1wptr8m3gio304.jpg\" alt=\"3\" \/><\/figure><\/div><div class=\"swiper-slide\" role=\"group\" aria-roledescription=\"slide\" aria-label=\"5 \/ 40\"><figure class=\"swiper-slide-inner\"><img decoding=\"async\" class=\"swiper-slide-image\" src=\"https:\/\/www.etkaotomotiv.com\/wp-content\/uploads\/elementor\/thumbs\/4-scaled-q2rhhzx8qbf3mg8gacbz06aql5kgw818jdhmtdfhh0.jpg\" alt=\"4\" \/><\/figure><\/div><div class=\"swiper-slide\" role=\"group\" aria-roledescription=\"slide\" aria-label=\"6 \/ 40\"><figure class=\"swiper-slide-inner\"><img decoding=\"async\" class=\"swiper-slide-image\" src=\"https:\/\/www.etkaotomotiv.com\/wp-content\/uploads\/elementor\/thumbs\/5-scaled-q2rhiuxwzulk9kze97qnsggy6vbky8gdnn0nni5hro.jpg\" alt=\"5\" \/><\/figure><\/div><div class=\"swiper-slide\" role=\"group\" aria-roledescription=\"slide\" aria-label=\"7 \/ 40\"><figure class=\"swiper-slide-inner\"><img decoding=\"async\" class=\"swiper-slide-image\" src=\"https:\/\/www.etkaotomotiv.com\/wp-content\/uploads\/elementor\/thumbs\/6-scaled-q2rhj4caw6yfholqqbsxhe3k4q1937hp0xjig9rk1g.jpg\" alt=\"6\" \/><\/figure><\/div><div class=\"swiper-slide\" role=\"group\" aria-roledescription=\"slide\" aria-label=\"8 \/ 40\"><figure class=\"swiper-slide-inner\"><img decoding=\"async\" class=\"swiper-slide-image\" src=\"https:\/\/www.etkaotomotiv.com\/wp-content\/uploads\/elementor\/thumbs\/7-scaled-q2rhk0atck66gfbbjpm8u618btnqcx0khbq0rog65w.jpg\" alt=\"7\" \/><\/figure><\/div><div class=\"swiper-slide\" role=\"group\" aria-roledescription=\"slide\" aria-label=\"9 \/ 40\"><figure class=\"swiper-slide-inner\"><img decoding=\"async\" class=\"swiper-slide-image\" src=\"https:\/\/www.etkaotomotiv.com\/wp-content\/uploads\/elementor\/thumbs\/8-scaled-q2rhkk1fc2x788incg5esj1wswyfuk6xk1f7uhmwj8.jpg\" alt=\"8\" \/><\/figure><\/div><div class=\"swiper-slide\" role=\"group\" aria-roledescription=\"slide\" aria-label=\"10 \/ 40\"><figure class=\"swiper-slide-inner\"><img decoding=\"async\" class=\"swiper-slide-image\" src=\"https:\/\/www.etkaotomotiv.com\/wp-content\/uploads\/elementor\/thumbs\/9-scaled-q2rhlf23lm3nvd9lbbk3kt84empjwkm2oay8omcwtw.jpg\" alt=\"9\" \/><\/figure><\/div><div class=\"swiper-slide\" role=\"group\" aria-roledescription=\"slide\" aria-label=\"11 \/ 40\"><figure class=\"swiper-slide-inner\"><img decoding=\"async\" class=\"swiper-slide-image\" src=\"https:\/\/www.etkaotomotiv.com\/wp-content\/uploads\/elementor\/thumbs\/10-scaled-q2rhmb0m1zbeu3z64pdexl5slqc16a4y4p4r011iyc.jpg\" alt=\"10\" \/><\/figure><\/div><div class=\"swiper-slide\" role=\"group\" aria-roledescription=\"slide\" aria-label=\"12 \/ 40\"><figure class=\"swiper-slide-inner\"><img decoding=\"async\" class=\"swiper-slide-image\" src=\"https:\/\/www.etkaotomotiv.com\/wp-content\/uploads\/elementor\/thumbs\/11-scaled-q2rhn61abihvh8q43ks3pvc07g358ak38ynru5rj90.jpg\" alt=\"11\" \/><\/figure><\/div><div class=\"swiper-slide\" role=\"group\" aria-roledescription=\"slide\" aria-label=\"13 \/ 40\"><figure class=\"swiper-slide-inner\"><img decoding=\"async\" class=\"swiper-slide-image\" src=\"https:\/\/www.etkaotomotiv.com\/wp-content\/uploads\/elementor\/thumbs\/12-scaled-q2rhnnw7xd6blu067ai0j8trhrn4ajiznf1zyf11ys.jpg\" alt=\"12\" \/><\/figure><\/div><div class=\"swiper-slide\" role=\"group\" aria-roledescription=\"slide\" aria-label=\"14 \/ 40\"><figure class=\"swiper-slide-inner\"><img decoding=\"async\" class=\"swiper-slide-image\" src=\"https:\/\/www.etkaotomotiv.com\/wp-content\/uploads\/elementor\/thumbs\/13-scaled-q2rhokskkkfcw6odv6pygiiwa94yry5lfxvzr3o9x0.jpg\" alt=\"13\" \/><\/figure><\/div><div class=\"swiper-slide\" role=\"group\" aria-roledescription=\"slide\" aria-label=\"15 \/ 40\"><figure class=\"swiper-slide-inner\"><img decoding=\"async\" class=\"swiper-slide-image\" src=\"https:\/\/www.etkaotomotiv.com\/wp-content\/uploads\/elementor\/thumbs\/14-scaled-q2rhox0h1ew3346mvu03uxfw09gqk0i3tmdazp65o4.jpg\" alt=\"14\" \/><\/figure><\/div><div class=\"swiper-slide\" role=\"group\" aria-roledescription=\"slide\" aria-label=\"16 \/ 40\"><figure class=\"swiper-slide-inner\"><img decoding=\"async\" class=\"swiper-slide-image\" src=\"https:\/\/www.etkaotomotiv.com\/wp-content\/uploads\/elementor\/thumbs\/15-scaled-q2rhpp7mqfyorf1ob66wxqbpttlqyxm1xhxve00chg.jpg\" alt=\"15\" \/><\/figure><\/div><div class=\"swiper-slide\" role=\"group\" aria-roledescription=\"slide\" aria-label=\"17 \/ 40\"><figure class=\"swiper-slide-inner\"><img decoding=\"async\" class=\"swiper-slide-image\" src=\"https:\/\/www.etkaotomotiv.com\/wp-content\/uploads\/elementor\/thumbs\/16-scaled-q2rhqqt6bte5ntj27mfzpgu5l8gfitrbeo1al2glkk.jpg\" alt=\"16\" \/><\/figure><\/div><div class=\"swiper-slide\" role=\"group\" aria-roledescription=\"slide\" aria-label=\"18 \/ 40\"><figure class=\"swiper-slide-inner\"><img decoding=\"async\" class=\"swiper-slide-image\" src=\"https:\/\/www.etkaotomotiv.com\/wp-content\/uploads\/elementor\/thumbs\/17-scaled-q2rhr6sfk00156vumbcnduszos9o5oir4v4jqrswms.jpg\" alt=\"17\" \/><\/figure><\/div><div class=\"swiper-slide\" role=\"group\" aria-roledescription=\"slide\" aria-label=\"19 \/ 40\"><figure class=\"swiper-slide-inner\"><img decoding=\"async\" class=\"swiper-slide-image\" src=\"https:\/\/www.etkaotomotiv.com\/wp-content\/uploads\/elementor\/thumbs\/18-scaled-q2rhri2hu0fh0ifgsg867ryiteq2q1rj6eydi3c6k4.jpg\" alt=\"18\" \/><\/figure><\/div><div class=\"swiper-slide\" role=\"group\" aria-roledescription=\"slide\" aria-label=\"20 \/ 40\"><figure class=\"swiper-slide-inner\"><img decoding=\"async\" class=\"swiper-slide-image\" src=\"https:\/\/www.etkaotomotiv.com\/wp-content\/uploads\/elementor\/thumbs\/19-scaled-q2rhsguiuvr2y30y5d9da16ksnynmulln73c9bwm5w.jpg\" alt=\"19\" \/><\/figure><\/div><div class=\"swiper-slide\" role=\"group\" aria-roledescription=\"slide\" aria-label=\"21 \/ 40\"><figure class=\"swiper-slide-inner\"><img decoding=\"async\" class=\"swiper-slide-image\" src=\"https:\/\/www.etkaotomotiv.com\/wp-content\/uploads\/elementor\/thumbs\/20-scaled-q2rhtct1b8ytwtqiyr2omt48zrl4wk4h3l9ukql8ac.jpg\" alt=\"20\" \/><\/figure><\/div><div class=\"swiper-slide\" role=\"group\" aria-roledescription=\"slide\" aria-label=\"22 \/ 40\"><figure class=\"swiper-slide-inner\"><img decoding=\"async\" class=\"swiper-slide-image\" src=\"https:\/\/www.etkaotomotiv.com\/wp-content\/uploads\/elementor\/thumbs\/21-scaled-q2rhtpyryxgufd7etwrglpspb5s9wbkpteenam1pv8.jpg\" alt=\"21\" \/><\/figure><\/div><div class=\"swiper-slide\" role=\"group\" aria-roledescription=\"slide\" aria-label=\"23 \/ 40\"><figure class=\"swiper-slide-inner\"><img decoding=\"async\" class=\"swiper-slide-image\" src=\"https:\/\/www.etkaotomotiv.com\/wp-content\/uploads\/elementor\/thumbs\/22-scaled-q2rhuciwiybq60an66ii9k3rkep31229wi2at949pw.jpg\" alt=\"22\" \/><\/figure><\/div><div class=\"swiper-slide\" role=\"group\" aria-roledescription=\"slide\" aria-label=\"24 \/ 40\"><figure class=\"swiper-slide-inner\"><img decoding=\"async\" class=\"swiper-slide-image\" src=\"https:\/\/www.etkaotomotiv.com\/wp-content\/uploads\/elementor\/thumbs\/23-scaled-q2rhv5nwetfm5x4bg13xwur1zcpgno9yciacotx2d0.jpg\" alt=\"23\" \/><\/figure><\/div><div class=\"swiper-slide\" role=\"group\" aria-roledescription=\"slide\" aria-label=\"25 \/ 40\"><figure class=\"swiper-slide-inner\"><img decoding=\"async\" class=\"swiper-slide-image\" src=\"https:\/\/www.etkaotomotiv.com\/wp-content\/uploads\/elementor\/thumbs\/24-scaled-q2rhvln5n01hnah3uq0ll8pw2wipaj1e2pdluj9df8.jpg\" alt=\"24\" \/><\/figure><\/div><div class=\"swiper-slide\" role=\"group\" aria-roledescription=\"slide\" aria-label=\"26 \/ 40\"><figure class=\"swiper-slide-inner\"><img decoding=\"async\" class=\"swiper-slide-image\" src=\"https:\/\/www.etkaotomotiv.com\/wp-content\/uploads\/elementor\/thumbs\/25-scaled-q2rhwdubc143blc5a27eo1lpwgnppg5c6ky68u3k8k.jpg\" alt=\"25\" \/><\/figure><\/div><div class=\"swiper-slide\" role=\"group\" aria-roledescription=\"slide\" aria-label=\"27 \/ 40\"><figure class=\"swiper-slide-inner\"><img decoding=\"async\" class=\"swiper-slide-image\" src=\"https:\/\/www.etkaotomotiv.com\/wp-content\/uploads\/elementor\/thumbs\/26-scaled-q2rhxcmccwfp95xmmz8lqatrvpwam8zend3502nzuc.jpg\" alt=\"26\" \/><\/figure><\/div><div class=\"swiper-slide\" role=\"group\" aria-roledescription=\"slide\" aria-label=\"28 \/ 40\"><figure class=\"swiper-slide-inner\"><img decoding=\"async\" class=\"swiper-slide-image\" src=\"https:\/\/www.etkaotomotiv.com\/wp-content\/uploads\/elementor\/thumbs\/27-scaled-q2rhy6p6flkvkopxrc8ny38iw1s1gkatfhyocxfeb8.jpg\" alt=\"27\" \/><\/figure><\/div><div class=\"swiper-slide\" role=\"group\" aria-roledescription=\"slide\" aria-label=\"29 \/ 40\"><figure class=\"swiper-slide-inner\"><img decoding=\"async\" class=\"swiper-slide-image\" src=\"https:\/\/www.etkaotomotiv.com\/wp-content\/uploads\/elementor\/thumbs\/28-scaled-q2rhyix2wg1lrm86rzitci5im23t8mnbt6fzlixa2c.jpg\" alt=\"28\" \/><\/figure><\/div><div class=\"swiper-slide\" role=\"group\" aria-roledescription=\"slide\" aria-label=\"30 \/ 40\"><figure class=\"swiper-slide-inner\"><img decoding=\"async\" class=\"swiper-slide-image\" src=\"https:\/\/www.etkaotomotiv.com\/wp-content\/uploads\/elementor\/thumbs\/29-scaled-q2rhzb48lh47fx387bpmfb1cfm8tnjr9x20jztrgvo.jpg\" alt=\"29\" \/><\/figure><\/div><div class=\"swiper-slide\" role=\"group\" aria-roledescription=\"slide\" aria-label=\"31 \/ 40\"><figure class=\"swiper-slide-inner\"><img decoding=\"async\" class=\"swiper-slide-image\" src=\"https:\/\/www.etkaotomotiv.com\/wp-content\/uploads\/elementor\/thumbs\/30-scaled-q2rhzkimhth2o0pkofrw48nydgyhsislacjesldj5g.jpg\" alt=\"30\" \/><\/figure><\/div><div class=\"swiper-slide\" role=\"group\" aria-roledescription=\"slide\" aria-label=\"32 \/ 40\"><figure class=\"swiper-slide-inner\"><img decoding=\"async\" class=\"swiper-slide-image\" src=\"https:\/\/www.etkaotomotiv.com\/wp-content\/uploads\/elementor\/thumbs\/31-scaled-q2ri0elgkim8zjhvssryc12pdsu8mu402hey5g4xmc.jpg\" alt=\"31\" \/><\/figure><\/div><div class=\"swiper-slide\" role=\"group\" aria-roledescription=\"slide\" aria-label=\"33 \/ 40\"><figure class=\"swiper-slide-inner\"><img decoding=\"async\" class=\"swiper-slide-image\" src=\"https:\/\/www.etkaotomotiv.com\/wp-content\/uploads\/elementor\/thumbs\/32-scaled-q2ri14wxvvma0mfnj45i9ufm0l8imd0hi3ojl71ws4.jpg\" alt=\"32\" \/><\/figure><\/div><div class=\"swiper-slide\" role=\"group\" aria-roledescription=\"slide\" aria-label=\"34 \/ 40\"><figure class=\"swiper-slide-inner\"><img decoding=\"async\" class=\"swiper-slide-image\" src=\"https:\/\/www.etkaotomotiv.com\/wp-content\/uploads\/elementor\/thumbs\/33-scaled-q2ri1y1xrqq60j9bsyqxx52wfj8w8z85y3wlgrupf8.jpg\" alt=\"33\" \/><\/figure><\/div><div class=\"swiper-slide\" role=\"group\" aria-roledescription=\"slide\" aria-label=\"35 \/ 40\"><figure class=\"swiper-slide-inner\"><img decoding=\"async\" class=\"swiper-slide-image\" src=\"https:\/\/www.etkaotomotiv.com\/wp-content\/uploads\/elementor\/thumbs\/34-scaled-q2ri2r6xnlu20g302tcdkfq6uh99vlfue44nccni2c.jpg\" alt=\"34\" \/><\/figure><\/div><div class=\"swiper-slide\" role=\"group\" aria-roledescription=\"slide\" aria-label=\"36 \/ 40\"><figure class=\"swiper-slide-inner\"><img decoding=\"async\" class=\"swiper-slide-image\" src=\"https:\/\/www.etkaotomotiv.com\/wp-content\/uploads\/elementor\/thumbs\/35-scaled-q2ri3pyyoh5ny0ohfqdkmoy8tqhuse9wuw9m3l7xo4.jpg\" alt=\"35\" \/><\/figure><\/div><div class=\"swiper-slide\" role=\"group\" aria-roledescription=\"slide\" aria-label=\"37 \/ 40\"><figure class=\"swiper-slide-inner\"><img decoding=\"async\" class=\"swiper-slide-image\" src=\"https:\/\/www.etkaotomotiv.com\/wp-content\/uploads\/elementor\/thumbs\/36-scaled-q2ri4kzmy0c4l5ffels9ez4gfg8yuep1z5smxpxxys.jpg\" alt=\"36\" \/><\/figure><\/div><div class=\"swiper-slide\" role=\"group\" aria-roledescription=\"slide\" aria-label=\"38 \/ 40\"><figure class=\"swiper-slide-inner\"><img decoding=\"async\" class=\"swiper-slide-image\" src=\"https:\/\/www.etkaotomotiv.com\/wp-content\/uploads\/elementor\/thumbs\/37-scaled-q2ri4w9p80rkggz1kqns8w9zk2pderxu0pmgp1h7w4.jpg\" alt=\"37\" \/><\/figure><\/div><div class=\"swiper-slide\" role=\"group\" aria-roledescription=\"slide\" aria-label=\"39 \/ 40\"><figure class=\"swiper-slide-inner\"><img decoding=\"async\" class=\"swiper-slide-image\" src=\"https:\/\/www.etkaotomotiv.com\/wp-content\/uploads\/elementor\/thumbs\/38-scaled-q2ri5radhjy13lpzjm2h16g75sghgscz4z5hj6786s.jpg\" alt=\"38\" \/><\/figure><\/div><div class=\"swiper-slide\" role=\"group\" aria-roledescription=\"slide\" aria-label=\"40 \/ 40\"><figure class=\"swiper-slide-inner\"><img decoding=\"async\" class=\"swiper-slide-image\" src=\"https:\/\/www.etkaotomotiv.com\/wp-content\/uploads\/elementor\/thumbs\/arka-scaled-q2ri66bsiwim9d453ski52nknyecvy0oj1l97lkxf8.jpg\" alt=\"arka\" \/><\/figure><\/div>\t\t\t<\/div>\n\t\t\t\t\t\t\t\t\t\t\t\t<div class=\"elementor-swiper-button elementor-swiper-button-prev\" role=\"button\" tabindex=\"0\">\n\t\t\t\t\t\t<i aria-hidden=\"true\" class=\"eicon-chevron-left\"><\/i>\t\t\t\t\t<\/div>\n\t\t\t\t\t<div class=\"elementor-swiper-button elementor-swiper-button-next\" role=\"button\" tabindex=\"0\">\n\t\t\t\t\t\t<i aria-hidden=\"true\" class=\"eicon-chevron-right\"><\/i>\t\t\t\t\t<\/div>\n\t\t\t\t\n\t\t\t\t\t\t\t\t\t<div class=\"swiper-pagination\"><\/div>\n\t\t\t\t\t\t\t\t\t<\/div>\n\t\t\t\t\t\t<\/div>\n\t\t\t\t<\/div>\n\t\t\t\t\t<\/div>\n\t\t<\/div>\n\t\t\t\t\t<\/div>\n\t\t<\/section>\n\t\t\t\t<\/div>","protected":false},"excerpt":{"rendered":"<p>\u0130ndirmek i\u00e7in t\u0131klay\u0131n \u00d6nceki Sonraki<\/p>","protected":false},"author":1,"featured_media":0,"parent":0,"menu_order":0,"comment_status":"closed","ping_status":"closed","template":"","meta":{"footnotes":""},"class_list":["post-7344","page","type-page","status-publish","hentry"],"_links":{"self":[{"href":"https:\/\/www.etkaotomotiv.com\/en\/wp-json\/wp\/v2\/pages\/7344","targetHints":{"allow":["GET"]}}],"collection":[{"href":"https:\/\/www.etkaotomotiv.com\/en\/wp-json\/wp\/v2\/pages"}],"about":[{"href":"https:\/\/www.etkaotomotiv.com\/en\/wp-json\/wp\/v2\/types\/page"}],"author":[{"embeddable":true,"href":"https:\/\/www.etkaotomotiv.com\/en\/wp-json\/wp\/v2\/users\/1"}],"replies":[{"embeddable":true,"href":"https:\/\/www.etkaotomotiv.com\/en\/wp-json\/wp\/v2\/comments?post=7344"}],"version-history":[{"count":34,"href":"https:\/\/www.etkaotomotiv.com\/en\/wp-json\/wp\/v2\/pages\/7344\/revisions"}],"predecessor-version":[{"id":8691,"href":"https:\/\/www.etkaotomotiv.com\/en\/wp-json\/wp\/v2\/pages\/7344\/revisions\/8691"}],"wp:attachment":[{"href":"https:\/\/www.etkaotomotiv.com\/en\/wp-json\/wp\/v2\/media?parent=7344"}],"curies":[{"name":"wp","href":"https:\/\/api.w.org\/{rel}","templated":true}]}}