{"id":5397,"date":"2021-12-16T14:49:20","date_gmt":"2021-12-16T11:49:20","guid":{"rendered":"https:\/\/www.etkaotomotiv.com\/?page_id=5397"},"modified":"2022-03-17T08:40:21","modified_gmt":"2022-03-17T05:40:21","slug":"kalite-politikamiz","status":"publish","type":"page","link":"https:\/\/www.etkaotomotiv.com\/en\/kalite-politikamiz\/","title":{"rendered":"QUALITY POLICIES"},"content":{"rendered":"<div data-elementor-type=\"wp-page\" data-elementor-id=\"5397\" class=\"elementor elementor-5397\">\n\t\t\t\t\t\t<section class=\"elementor-section elementor-top-section elementor-element elementor-element-974227a elementor-section-boxed elementor-section-height-default elementor-section-height-default\" data-id=\"974227a\" data-element_type=\"section\" data-e-type=\"section\">\n\t\t\t\t\t\t<div class=\"elementor-container elementor-column-gap-default\">\n\t\t\t\t\t<div class=\"elementor-column elementor-col-100 elementor-top-column elementor-element elementor-element-2d1b387\" data-id=\"2d1b387\" data-element_type=\"column\" data-e-type=\"column\">\n\t\t\t<div class=\"elementor-widget-wrap elementor-element-populated\">\n\t\t\t\t\t\t<div class=\"elementor-element elementor-element-83a1e54 elementor-widget-divider--view-line_text elementor-widget-divider--element-align-center elementor-widget elementor-widget-divider\" data-id=\"83a1e54\" data-element_type=\"widget\" data-e-type=\"widget\" data-widget_type=\"divider.default\">\n\t\t\t\t<div class=\"elementor-widget-container\">\n\t\t\t\t\t\t\t<div class=\"elementor-divider\">\n\t\t\t<span class=\"elementor-divider-separator\">\n\t\t\t\t\t\t\t<span class=\"elementor-divider__text elementor-divider__element\">\n\t\t\t\tQUALITY GOALS\t\t\t\t<\/span>\n\t\t\t\t\t\t<\/span>\n\t\t<\/div>\n\t\t\t\t\t\t<\/div>\n\t\t\t\t<\/div>\n\t\t\t\t\t<\/div>\n\t\t<\/div>\n\t\t\t\t\t<\/div>\n\t\t<\/section>\n\t\t\t\t<section class=\"elementor-section elementor-top-section elementor-element elementor-element-efbbe2b elementor-section-boxed elementor-section-height-default elementor-section-height-default\" data-id=\"efbbe2b\" data-element_type=\"section\" data-e-type=\"section\">\n\t\t\t\t\t\t<div class=\"elementor-container elementor-column-gap-default\">\n\t\t\t\t\t<div class=\"elementor-column elementor-col-100 elementor-top-column elementor-element elementor-element-e3527c6\" data-id=\"e3527c6\" data-element_type=\"column\" data-e-type=\"column\">\n\t\t\t<div class=\"elementor-widget-wrap elementor-element-populated\">\n\t\t\t\t\t\t<div class=\"elementor-element elementor-element-74cd10a elementor-position-inline-start elementor-view-default elementor-mobile-position-block-start elementor-invisible elementor-widget elementor-widget-icon-box\" data-id=\"74cd10a\" data-element_type=\"widget\" data-e-type=\"widget\" data-settings=\"{&quot;_animation&quot;:&quot;fadeInRight&quot;}\" data-widget_type=\"icon-box.default\">\n\t\t\t\t<div class=\"elementor-widget-container\">\n\t\t\t\t\t\t\t<div class=\"elementor-icon-box-wrapper\">\n\n\t\t\t\t\t\t<div class=\"elementor-icon-box-icon\">\n\t\t\t\t<span  class=\"elementor-icon\">\n\t\t\t\t<i aria-hidden=\"true\" class=\"far fa-check-square\"><\/i>\t\t\t\t<\/span>\n\t\t\t<\/div>\n\t\t\t\n\t\t\t\t\t\t<div class=\"elementor-icon-box-content\">\n\n\t\t\t\t\n\t\t\t\t\t\t\t\t\t<p class=\"elementor-icon-box-description\">\n\t\t\t\t\t\t-Follow up the technological developments with quality system as planned and improve constantly,<br>-Providing employee training needs,<br>-S\u00fcrekli geli\u015fen e\u011fitim seviyesi, kalite duyarl\u0131l\u0131\u011f\u0131 ve ekip anlay\u0131\u015f\u0131n\u0131n hakim oldu\u011fu bir toplam kalite y\u00f6netimine    sahip olmak,<br>-To continuously improve the quality of our education and our level of sensitivity,<br>-Ensure all customer\u2019s satisfaction,<br>-Perform non destructive methods and have enviromental plan while producing.\t\t\t\t\t<\/p>\n\t\t\t\t\n\t\t\t<\/div>\n\t\t\t\n\t\t<\/div>\n\t\t\t\t\t\t<\/div>\n\t\t\t\t<\/div>\n\t\t\t\t\t<\/div>\n\t\t<\/div>\n\t\t\t\t\t<\/div>\n\t\t<\/section>\n\t\t\t\t<section class=\"elementor-section elementor-top-section elementor-element elementor-element-ac043cc elementor-section-boxed elementor-section-height-default elementor-section-height-default\" data-id=\"ac043cc\" data-element_type=\"section\" data-e-type=\"section\">\n\t\t\t\t\t\t<div class=\"elementor-container elementor-column-gap-default\">\n\t\t\t\t\t<div class=\"elementor-column elementor-col-100 elementor-top-column elementor-element elementor-element-30abe7d\" data-id=\"30abe7d\" data-element_type=\"column\" data-e-type=\"column\">\n\t\t\t<div class=\"elementor-widget-wrap elementor-element-populated\">\n\t\t\t\t\t\t<div class=\"elementor-element elementor-element-a2dfe67 elementor-widget-divider--view-line_text elementor-widget-divider--element-align-center elementor-widget elementor-widget-divider\" data-id=\"a2dfe67\" data-element_type=\"widget\" data-e-type=\"widget\" data-widget_type=\"divider.default\">\n\t\t\t\t<div class=\"elementor-widget-container\">\n\t\t\t\t\t\t\t<div class=\"elementor-divider\">\n\t\t\t<span class=\"elementor-divider-separator\">\n\t\t\t\t\t\t\t<span class=\"elementor-divider__text elementor-divider__element\">\n\t\t\t\tQUALITY POLICIES\t\t\t\t<\/span>\n\t\t\t\t\t\t<\/span>\n\t\t<\/div>\n\t\t\t\t\t\t<\/div>\n\t\t\t\t<\/div>\n\t\t\t\t<div class=\"elementor-element elementor-element-c5773d6 elementor-position-inline-start elementor-view-default elementor-mobile-position-block-start elementor-invisible elementor-widget elementor-widget-icon-box\" data-id=\"c5773d6\" data-element_type=\"widget\" data-e-type=\"widget\" data-settings=\"{&quot;_animation&quot;:&quot;fadeInRight&quot;}\" data-widget_type=\"icon-box.default\">\n\t\t\t\t<div class=\"elementor-widget-container\">\n\t\t\t\t\t\t\t<div class=\"elementor-icon-box-wrapper\">\n\n\t\t\t\t\t\t<div class=\"elementor-icon-box-icon\">\n\t\t\t\t<span  class=\"elementor-icon\">\n\t\t\t\t<i aria-hidden=\"true\" class=\"far fa-check-square\"><\/i>\t\t\t\t<\/span>\n\t\t\t<\/div>\n\t\t\t\n\t\t\t\t\t\t<div class=\"elementor-icon-box-content\">\n\n\t\t\t\t\n\t\t\t\t\t\t\t\t\t<p class=\"elementor-icon-box-description\">\n\t\t\t\t\t\t<p>-Creating Customer-Focused, Process-Based, Fast, Effective and Permanent Solutions,<\/p><p>Employees; Ensuring Education, Safety, Development, Participation and Happiness,<\/p><p>-Resources; Correct Planning and Efficient Use,<\/p><p>-Good Quality, Reasonable Price, Timely Delivery,<\/p><p>-Protection of Compliance with Legal and Legislative Conditions,<\/p><p>-Ensuring Close Cooperation and Development with Suppliers,<\/p><p>-Taking a Strategic and Risk-Based Approach,<\/p><p>-Ensuring the Satisfaction of the Related Parties, <\/p><p>- Encouraging Continuous Improvement in Every Process,<\/p><p>- Dissemination of Error Prevention Studies in all processes.<\/p><p>-Increasing Our Production Efficiency And Competitiveness With Our Continuous Technological Investments.<\/p><p><\/p>\t\t\t\t\t<\/p>\n\t\t\t\t\n\t\t\t<\/div>\n\t\t\t\n\t\t<\/div>\n\t\t\t\t\t\t<\/div>\n\t\t\t\t<\/div>\n\t\t\t\t\t<\/div>\n\t\t<\/div>\n\t\t\t\t\t<\/div>\n\t\t<\/section>\n\t\t\t\t<\/div>","protected":false},"excerpt":{"rendered":"<p>KAL\u0130TE HEDEFLER\u0130M\u0130Z -Teknolojik geli\u015fmeleri kalite sistemi ile planlanan \u015fekilde takip etmek ve iyile\u015ftirmek,-\u00c7al\u0131\u015fanlara gerekli e\u011fitimlerin verilmesi,-S\u00fcrekli geli\u015fen e\u011fitim seviyesi, kalite duyarl\u0131l\u0131\u011f\u0131 ve ekip anlay\u0131\u015f\u0131n\u0131n hakim oldu\u011fu bir toplam kalite y\u00f6netimine sahip olmak,-E\u011fitim kalitemizi ve duyarl\u0131l\u0131k seviyemizi s\u00fcrekli iyile\u015ftirmek,-T\u00fcm m\u00fc\u015fterilerin memnuniyetini sa\u011flamak,-\u00dcretim a\u015famas\u0131nda zarar vermeyen y\u00f6ntemler uygulamak ve \u00e7evre plan\u0131na sahip olmak, KAL\u0130TE POL\u0130T\u0130KAMIZ -M\u00fc\u015fteri Odakl\u0131, [&hellip;]<\/p>","protected":false},"author":1,"featured_media":0,"parent":0,"menu_order":0,"comment_status":"closed","ping_status":"closed","template":"","meta":{"footnotes":""},"class_list":["post-5397","page","type-page","status-publish","hentry"],"_links":{"self":[{"href":"https:\/\/www.etkaotomotiv.com\/en\/wp-json\/wp\/v2\/pages\/5397","targetHints":{"allow":["GET"]}}],"collection":[{"href":"https:\/\/www.etkaotomotiv.com\/en\/wp-json\/wp\/v2\/pages"}],"about":[{"href":"https:\/\/www.etkaotomotiv.com\/en\/wp-json\/wp\/v2\/types\/page"}],"author":[{"embeddable":true,"href":"https:\/\/www.etkaotomotiv.com\/en\/wp-json\/wp\/v2\/users\/1"}],"replies":[{"embeddable":true,"href":"https:\/\/www.etkaotomotiv.com\/en\/wp-json\/wp\/v2\/comments?post=5397"}],"version-history":[{"count":22,"href":"https:\/\/www.etkaotomotiv.com\/en\/wp-json\/wp\/v2\/pages\/5397\/revisions"}],"predecessor-version":[{"id":7546,"href":"https:\/\/www.etkaotomotiv.com\/en\/wp-json\/wp\/v2\/pages\/5397\/revisions\/7546"}],"wp:attachment":[{"href":"https:\/\/www.etkaotomotiv.com\/en\/wp-json\/wp\/v2\/media?parent=5397"}],"curies":[{"name":"wp","href":"https:\/\/api.w.org\/{rel}","templated":true}]}}