{"id":5387,"date":"2021-12-16T14:31:08","date_gmt":"2021-12-16T11:31:08","guid":{"rendered":"https:\/\/www.etkaotomotiv.com\/?page_id=5387"},"modified":"2022-05-27T14:56:54","modified_gmt":"2022-05-27T11:56:54","slug":"sektorler","status":"publish","type":"page","link":"https:\/\/www.etkaotomotiv.com\/en\/sektorler\/","title":{"rendered":"SECTORS"},"content":{"rendered":"<div data-elementor-type=\"wp-page\" data-elementor-id=\"5387\" class=\"elementor elementor-5387\">\n\t\t\t\t\t\t<section class=\"elementor-section elementor-top-section elementor-element elementor-element-589ef91 elementor-section-boxed elementor-section-height-default elementor-section-height-default\" data-id=\"589ef91\" data-element_type=\"section\" data-e-type=\"section\">\n\t\t\t\t\t\t<div class=\"elementor-container elementor-column-gap-default\">\n\t\t\t\t\t<div class=\"elementor-column elementor-col-100 elementor-top-column elementor-element elementor-element-d24be47\" data-id=\"d24be47\" data-element_type=\"column\" data-e-type=\"column\">\n\t\t\t<div class=\"elementor-widget-wrap elementor-element-populated\">\n\t\t\t\t\t\t<div class=\"elementor-element elementor-element-f08ec98 elementor-widget-divider--view-line_text elementor-widget-divider--element-align-center elementor-widget elementor-widget-divider\" data-id=\"f08ec98\" data-element_type=\"widget\" data-e-type=\"widget\" data-widget_type=\"divider.default\">\n\t\t\t\t<div class=\"elementor-widget-container\">\n\t\t\t\t\t\t\t<div class=\"elementor-divider\">\n\t\t\t<span class=\"elementor-divider-separator\">\n\t\t\t\t\t\t\t<span class=\"elementor-divider__text elementor-divider__element\">\n\t\t\t\tSEKT\u00d6RLER\u0130M\u0130Z\t\t\t\t<\/span>\n\t\t\t\t\t\t<\/span>\n\t\t<\/div>\n\t\t\t\t\t\t<\/div>\n\t\t\t\t<\/div>\n\t\t\t\t\t<\/div>\n\t\t<\/div>\n\t\t\t\t\t<\/div>\n\t\t<\/section>\n\t\t\t\t<section class=\"elementor-section elementor-top-section elementor-element elementor-element-5a66a50 elementor-section-boxed elementor-section-height-default elementor-section-height-default\" data-id=\"5a66a50\" data-element_type=\"section\" data-e-type=\"section\">\n\t\t\t\t\t\t<div class=\"elementor-container elementor-column-gap-default\">\n\t\t\t\t\t<div class=\"elementor-column elementor-col-100 elementor-top-column elementor-element elementor-element-ba72e9a\" data-id=\"ba72e9a\" data-element_type=\"column\" data-e-type=\"column\">\n\t\t\t<div class=\"elementor-widget-wrap elementor-element-populated\">\n\t\t\t\t\t\t<div class=\"elementor-element elementor-element-92a61ce elementor-widget elementor-widget-spacer\" data-id=\"92a61ce\" data-element_type=\"widget\" data-e-type=\"widget\" data-widget_type=\"spacer.default\">\n\t\t\t\t<div class=\"elementor-widget-container\">\n\t\t\t\t\t\t\t<div class=\"elementor-spacer\">\n\t\t\t<div class=\"elementor-spacer-inner\"><\/div>\n\t\t<\/div>\n\t\t\t\t\t\t<\/div>\n\t\t\t\t<\/div>\n\t\t\t\t\t<\/div>\n\t\t<\/div>\n\t\t\t\t\t<\/div>\n\t\t<\/section>\n\t\t\t\t<section class=\"elementor-section elementor-top-section elementor-element elementor-element-6d4e22f elementor-section-boxed elementor-section-height-default elementor-section-height-default\" data-id=\"6d4e22f\" data-element_type=\"section\" data-e-type=\"section\">\n\t\t\t\t\t\t<div class=\"elementor-container elementor-column-gap-default\">\n\t\t\t\t\t<div class=\"elementor-column elementor-col-33 elementor-top-column elementor-element elementor-element-fa97d5d\" data-id=\"fa97d5d\" data-element_type=\"column\" data-e-type=\"column\">\n\t\t\t<div class=\"elementor-widget-wrap elementor-element-populated\">\n\t\t\t\t\t\t<div class=\"elementor-element elementor-element-8aa72d4 elementor-widget elementor-widget-image\" data-id=\"8aa72d4\" data-element_type=\"widget\" data-e-type=\"widget\" data-widget_type=\"image.default\">\n\t\t\t\t<div class=\"elementor-widget-container\">\n\t\t\t\t\t\t\t\t\t\t\t\t<figure class=\"wp-caption\">\n\t\t\t\t\t\t\t\t\t\t\t<a href=\"https:\/\/www.etkaotomotiv.com\/en\/otomotiv\/\">\n\t\t\t\t\t\t\t<img fetchpriority=\"high\" decoding=\"async\" width=\"768\" height=\"471\" src=\"https:\/\/www.etkaotomotiv.com\/wp-content\/uploads\/2021\/12\/aaa_800x491-768x471.jpg\" class=\"elementor-animation-pulse attachment-medium_large size-medium_large wp-image-6169\" alt=\"\" srcset=\"https:\/\/www.etkaotomotiv.com\/wp-content\/uploads\/2021\/12\/aaa_800x491-768x471.jpg 768w, https:\/\/www.etkaotomotiv.com\/wp-content\/uploads\/2021\/12\/aaa_800x491-300x184.jpg 300w, https:\/\/www.etkaotomotiv.com\/wp-content\/uploads\/2021\/12\/aaa_800x491-18x12.jpg 18w, https:\/\/www.etkaotomotiv.com\/wp-content\/uploads\/2021\/12\/aaa_800x491.jpg 800w\" sizes=\"(max-width: 768px) 100vw, 768px\" \/>\t\t\t\t\t\t\t\t<\/a>\n\t\t\t\t\t\t\t\t\t\t\t<figcaption class=\"widget-image-caption wp-caption-text\">AUTOMOT\u0130VE<\/figcaption>\n\t\t\t\t\t\t\t\t\t\t<\/figure>\n\t\t\t\t\t\t\t\t\t<\/div>\n\t\t\t\t<\/div>\n\t\t\t\t\t<\/div>\n\t\t<\/div>\n\t\t\t\t<div class=\"elementor-column elementor-col-33 elementor-top-column elementor-element elementor-element-d5f25c8\" data-id=\"d5f25c8\" data-element_type=\"column\" data-e-type=\"column\">\n\t\t\t<div class=\"elementor-widget-wrap elementor-element-populated\">\n\t\t\t\t\t\t<div class=\"elementor-element elementor-element-6221888 elementor-widget elementor-widget-image\" data-id=\"6221888\" data-element_type=\"widget\" data-e-type=\"widget\" data-widget_type=\"image.default\">\n\t\t\t\t<div class=\"elementor-widget-container\">\n\t\t\t\t\t\t\t\t\t\t\t\t<figure class=\"wp-caption\">\n\t\t\t\t\t\t\t\t\t\t\t<a href=\"https:\/\/www.etkaotomotiv.com\/en\/otobus\/\">\n\t\t\t\t\t\t\t<img decoding=\"async\" width=\"768\" height=\"471\" src=\"https:\/\/www.etkaotomotiv.com\/wp-content\/uploads\/2021\/12\/DWEWE-768x471.png\" class=\"elementor-animation-pulse attachment-medium_large size-medium_large wp-image-6214\" alt=\"\" srcset=\"https:\/\/www.etkaotomotiv.com\/wp-content\/uploads\/2021\/12\/DWEWE-768x471.png 768w, https:\/\/www.etkaotomotiv.com\/wp-content\/uploads\/2021\/12\/DWEWE-300x184.png 300w, https:\/\/www.etkaotomotiv.com\/wp-content\/uploads\/2021\/12\/DWEWE-18x12.png 18w, https:\/\/www.etkaotomotiv.com\/wp-content\/uploads\/2021\/12\/DWEWE.png 800w\" sizes=\"(max-width: 768px) 100vw, 768px\" \/>\t\t\t\t\t\t\t\t<\/a>\n\t\t\t\t\t\t\t\t\t\t\t<figcaption class=\"widget-image-caption wp-caption-text\">BUS<\/figcaption>\n\t\t\t\t\t\t\t\t\t\t<\/figure>\n\t\t\t\t\t\t\t\t\t<\/div>\n\t\t\t\t<\/div>\n\t\t\t\t\t<\/div>\n\t\t<\/div>\n\t\t\t\t<div class=\"elementor-column elementor-col-33 elementor-top-column elementor-element elementor-element-330e4e3\" data-id=\"330e4e3\" data-element_type=\"column\" data-e-type=\"column\">\n\t\t\t<div class=\"elementor-widget-wrap elementor-element-populated\">\n\t\t\t\t\t\t<div class=\"elementor-element elementor-element-c6e1105 elementor-widget elementor-widget-image\" data-id=\"c6e1105\" data-element_type=\"widget\" data-e-type=\"widget\" data-widget_type=\"image.default\">\n\t\t\t\t<div class=\"elementor-widget-container\">\n\t\t\t\t\t\t\t\t\t\t\t\t<figure class=\"wp-caption\">\n\t\t\t\t\t\t\t\t\t\t\t<a href=\"https:\/\/www.etkaotomotiv.com\/en\/kamyon\/\">\n\t\t\t\t\t\t\t<img decoding=\"async\" width=\"768\" height=\"471\" src=\"https:\/\/www.etkaotomotiv.com\/wp-content\/uploads\/2021\/12\/ED-1-768x471.png\" class=\"elementor-animation-pulse attachment-medium_large size-medium_large wp-image-6217\" alt=\"\" srcset=\"https:\/\/www.etkaotomotiv.com\/wp-content\/uploads\/2021\/12\/ED-1-768x471.png 768w, https:\/\/www.etkaotomotiv.com\/wp-content\/uploads\/2021\/12\/ED-1-300x184.png 300w, https:\/\/www.etkaotomotiv.com\/wp-content\/uploads\/2021\/12\/ED-1-18x12.png 18w, https:\/\/www.etkaotomotiv.com\/wp-content\/uploads\/2021\/12\/ED-1.png 800w\" sizes=\"(max-width: 768px) 100vw, 768px\" \/>\t\t\t\t\t\t\t\t<\/a>\n\t\t\t\t\t\t\t\t\t\t\t<figcaption class=\"widget-image-caption wp-caption-text\">TRUCK<\/figcaption>\n\t\t\t\t\t\t\t\t\t\t<\/figure>\n\t\t\t\t\t\t\t\t\t<\/div>\n\t\t\t\t<\/div>\n\t\t\t\t\t<\/div>\n\t\t<\/div>\n\t\t\t\t\t<\/div>\n\t\t<\/section>\n\t\t\t\t<section class=\"elementor-section elementor-top-section elementor-element elementor-element-64ff6b0 elementor-section-boxed elementor-section-height-default elementor-section-height-default\" data-id=\"64ff6b0\" data-element_type=\"section\" data-e-type=\"section\">\n\t\t\t\t\t\t<div class=\"elementor-container elementor-column-gap-default\">\n\t\t\t\t\t<div class=\"elementor-column elementor-col-33 elementor-top-column elementor-element elementor-element-32c9cec\" data-id=\"32c9cec\" data-element_type=\"column\" data-e-type=\"column\">\n\t\t\t<div class=\"elementor-widget-wrap elementor-element-populated\">\n\t\t\t\t\t\t<div class=\"elementor-element elementor-element-25786d0 elementor-widget elementor-widget-image\" data-id=\"25786d0\" data-element_type=\"widget\" data-e-type=\"widget\" data-widget_type=\"image.default\">\n\t\t\t\t<div class=\"elementor-widget-container\">\n\t\t\t\t\t\t\t\t\t\t\t\t<figure class=\"wp-caption\">\n\t\t\t\t\t\t\t\t\t\t\t<a href=\"https:\/\/www.etkaotomotiv.com\/en\/traktor\/\">\n\t\t\t\t\t\t\t<img loading=\"lazy\" decoding=\"async\" width=\"508\" height=\"334\" src=\"https:\/\/www.etkaotomotiv.com\/wp-content\/uploads\/2021\/12\/tr.png\" class=\"elementor-animation-pulse attachment-medium_large size-medium_large wp-image-6179\" alt=\"\" srcset=\"https:\/\/www.etkaotomotiv.com\/wp-content\/uploads\/2021\/12\/tr.png 508w, https:\/\/www.etkaotomotiv.com\/wp-content\/uploads\/2021\/12\/tr-300x197.png 300w, https:\/\/www.etkaotomotiv.com\/wp-content\/uploads\/2021\/12\/tr-18x12.png 18w\" sizes=\"(max-width: 508px) 100vw, 508px\" \/>\t\t\t\t\t\t\t\t<\/a>\n\t\t\t\t\t\t\t\t\t\t\t<figcaption class=\"widget-image-caption wp-caption-text\">TRACTOR<\/figcaption>\n\t\t\t\t\t\t\t\t\t\t<\/figure>\n\t\t\t\t\t\t\t\t\t<\/div>\n\t\t\t\t<\/div>\n\t\t\t\t\t<\/div>\n\t\t<\/div>\n\t\t\t\t<div class=\"elementor-column elementor-col-33 elementor-top-column elementor-element elementor-element-88b74bb\" data-id=\"88b74bb\" data-element_type=\"column\" data-e-type=\"column\">\n\t\t\t<div class=\"elementor-widget-wrap elementor-element-populated\">\n\t\t\t\t\t\t<div class=\"elementor-element elementor-element-12f501e elementor-widget elementor-widget-image\" data-id=\"12f501e\" data-element_type=\"widget\" data-e-type=\"widget\" data-widget_type=\"image.default\">\n\t\t\t\t<div class=\"elementor-widget-container\">\n\t\t\t\t\t\t\t\t\t\t\t\t<figure class=\"wp-caption\">\n\t\t\t\t\t\t\t\t\t\t\t<a href=\"https:\/\/www.etkaotomotiv.com\/en\/havacilik\/\">\n\t\t\t\t\t\t\t<img loading=\"lazy\" decoding=\"async\" width=\"508\" height=\"334\" src=\"https:\/\/www.etkaotomotiv.com\/wp-content\/uploads\/2021\/12\/6.jpg\" class=\"elementor-animation-pulse attachment-medium_large size-medium_large wp-image-6218\" alt=\"\" srcset=\"https:\/\/www.etkaotomotiv.com\/wp-content\/uploads\/2021\/12\/6.jpg 508w, https:\/\/www.etkaotomotiv.com\/wp-content\/uploads\/2021\/12\/6-300x197.jpg 300w, https:\/\/www.etkaotomotiv.com\/wp-content\/uploads\/2021\/12\/6-18x12.jpg 18w\" sizes=\"(max-width: 508px) 100vw, 508px\" \/>\t\t\t\t\t\t\t\t<\/a>\n\t\t\t\t\t\t\t\t\t\t\t<figcaption class=\"widget-image-caption wp-caption-text\">AVIATION<\/figcaption>\n\t\t\t\t\t\t\t\t\t\t<\/figure>\n\t\t\t\t\t\t\t\t\t<\/div>\n\t\t\t\t<\/div>\n\t\t\t\t\t<\/div>\n\t\t<\/div>\n\t\t\t\t<div class=\"elementor-column elementor-col-33 elementor-top-column elementor-element elementor-element-cb066ee\" data-id=\"cb066ee\" data-element_type=\"column\" data-e-type=\"column\">\n\t\t\t<div class=\"elementor-widget-wrap elementor-element-populated\">\n\t\t\t\t\t\t<div class=\"elementor-element elementor-element-b31bb50 elementor-widget elementor-widget-image\" data-id=\"b31bb50\" data-element_type=\"widget\" data-e-type=\"widget\" data-widget_type=\"image.default\">\n\t\t\t\t<div class=\"elementor-widget-container\">\n\t\t\t\t\t\t\t\t\t\t\t\t<figure class=\"wp-caption\">\n\t\t\t\t\t\t\t\t\t\t\t<a href=\"https:\/\/www.etkaotomotiv.com\/en\/rayli-sistemler\/\">\n\t\t\t\t\t\t\t<img loading=\"lazy\" decoding=\"async\" width=\"508\" height=\"334\" src=\"https:\/\/www.etkaotomotiv.com\/wp-content\/uploads\/2021\/12\/train-3714601_1920-1.jpg\" class=\"elementor-animation-pulse attachment-large size-large wp-image-6219\" alt=\"\" srcset=\"https:\/\/www.etkaotomotiv.com\/wp-content\/uploads\/2021\/12\/train-3714601_1920-1.jpg 508w, https:\/\/www.etkaotomotiv.com\/wp-content\/uploads\/2021\/12\/train-3714601_1920-1-300x197.jpg 300w, https:\/\/www.etkaotomotiv.com\/wp-content\/uploads\/2021\/12\/train-3714601_1920-1-18x12.jpg 18w\" sizes=\"(max-width: 508px) 100vw, 508px\" \/>\t\t\t\t\t\t\t\t<\/a>\n\t\t\t\t\t\t\t\t\t\t\t<figcaption class=\"widget-image-caption wp-caption-text\">RAIL SYSTEM<\/figcaption>\n\t\t\t\t\t\t\t\t\t\t<\/figure>\n\t\t\t\t\t\t\t\t\t<\/div>\n\t\t\t\t<\/div>\n\t\t\t\t\t<\/div>\n\t\t<\/div>\n\t\t\t\t\t<\/div>\n\t\t<\/section>\n\t\t\t\t<section class=\"elementor-section elementor-top-section elementor-element elementor-element-b74397e elementor-section-boxed elementor-section-height-default elementor-section-height-default\" data-id=\"b74397e\" data-element_type=\"section\" data-e-type=\"section\">\n\t\t\t\t\t\t<div class=\"elementor-container elementor-column-gap-default\">\n\t\t\t\t\t<div class=\"elementor-column elementor-col-33 elementor-top-column elementor-element elementor-element-ee66d12\" data-id=\"ee66d12\" data-element_type=\"column\" data-e-type=\"column\">\n\t\t\t<div class=\"elementor-widget-wrap elementor-element-populated\">\n\t\t\t\t\t\t<div class=\"elementor-element elementor-element-486f91d elementor-widget elementor-widget-image\" data-id=\"486f91d\" data-element_type=\"widget\" data-e-type=\"widget\" data-widget_type=\"image.default\">\n\t\t\t\t<div class=\"elementor-widget-container\">\n\t\t\t\t\t\t\t\t\t\t\t\t<figure class=\"wp-caption\">\n\t\t\t\t\t\t\t\t\t\t\t<a href=\"https:\/\/www.etkaotomotiv.com\/en\/kalip-imalati\/\">\n\t\t\t\t\t\t\t<img loading=\"lazy\" decoding=\"async\" width=\"508\" height=\"334\" src=\"https:\/\/www.etkaotomotiv.com\/wp-content\/uploads\/2021\/12\/kalip-imalat-1.jpg\" class=\"elementor-animation-pulse attachment-medium_large size-medium_large wp-image-6232\" alt=\"\" srcset=\"https:\/\/www.etkaotomotiv.com\/wp-content\/uploads\/2021\/12\/kalip-imalat-1.jpg 508w, https:\/\/www.etkaotomotiv.com\/wp-content\/uploads\/2021\/12\/kalip-imalat-1-300x197.jpg 300w, https:\/\/www.etkaotomotiv.com\/wp-content\/uploads\/2021\/12\/kalip-imalat-1-18x12.jpg 18w\" sizes=\"(max-width: 508px) 100vw, 508px\" \/>\t\t\t\t\t\t\t\t<\/a>\n\t\t\t\t\t\t\t\t\t\t\t<figcaption class=\"widget-image-caption wp-caption-text\">MOLD MANUFACTURING<\/figcaption>\n\t\t\t\t\t\t\t\t\t\t<\/figure>\n\t\t\t\t\t\t\t\t\t<\/div>\n\t\t\t\t<\/div>\n\t\t\t\t\t<\/div>\n\t\t<\/div>\n\t\t\t\t<div class=\"elementor-column elementor-col-33 elementor-top-column elementor-element elementor-element-56cdec1\" data-id=\"56cdec1\" data-element_type=\"column\" data-e-type=\"column\">\n\t\t\t<div class=\"elementor-widget-wrap elementor-element-populated\">\n\t\t\t\t\t\t<div class=\"elementor-element elementor-element-f8aec00 elementor-widget elementor-widget-image\" data-id=\"f8aec00\" data-element_type=\"widget\" data-e-type=\"widget\" data-widget_type=\"image.default\">\n\t\t\t\t<div class=\"elementor-widget-container\">\n\t\t\t\t\t\t\t\t\t\t\t\t<figure class=\"wp-caption\">\n\t\t\t\t\t\t\t\t\t\t\t<a href=\"https:\/\/www.etkaotomotiv.com\/en\/prototip-kalip\/\">\n\t\t\t\t\t\t\t<img loading=\"lazy\" decoding=\"async\" width=\"400\" height=\"300\" src=\"https:\/\/www.etkaotomotiv.com\/wp-content\/uploads\/2021\/12\/pototip-kalip-1-1.png\" class=\"elementor-animation-pulse attachment-2048x2048 size-2048x2048 wp-image-6234\" alt=\"\" srcset=\"https:\/\/www.etkaotomotiv.com\/wp-content\/uploads\/2021\/12\/pototip-kalip-1-1.png 400w, https:\/\/www.etkaotomotiv.com\/wp-content\/uploads\/2021\/12\/pototip-kalip-1-1-300x225.png 300w, https:\/\/www.etkaotomotiv.com\/wp-content\/uploads\/2021\/12\/pototip-kalip-1-1-16x12.png 16w\" sizes=\"(max-width: 400px) 100vw, 400px\" \/>\t\t\t\t\t\t\t\t<\/a>\n\t\t\t\t\t\t\t\t\t\t\t<figcaption class=\"widget-image-caption wp-caption-text\">PROTOTYPE MOLD MANUFACTURING<\/figcaption>\n\t\t\t\t\t\t\t\t\t\t<\/figure>\n\t\t\t\t\t\t\t\t\t<\/div>\n\t\t\t\t<\/div>\n\t\t\t\t\t<\/div>\n\t\t<\/div>\n\t\t\t\t<div class=\"elementor-column elementor-col-33 elementor-top-column elementor-element elementor-element-9b9f124\" data-id=\"9b9f124\" data-element_type=\"column\" data-e-type=\"column\">\n\t\t\t<div class=\"elementor-widget-wrap elementor-element-populated\">\n\t\t\t\t\t\t<div class=\"elementor-element elementor-element-7dd4df9 elementor-widget elementor-widget-image\" data-id=\"7dd4df9\" data-element_type=\"widget\" data-e-type=\"widget\" data-widget_type=\"image.default\">\n\t\t\t\t<div class=\"elementor-widget-container\">\n\t\t\t\t\t\t\t\t\t\t\t\t<figure class=\"wp-caption\">\n\t\t\t\t\t\t\t\t\t\t\t<a href=\"https:\/\/www.etkaotomotiv.com\/en\/prototip-imalati\/\">\n\t\t\t\t\t\t\t<img loading=\"lazy\" decoding=\"async\" width=\"508\" height=\"350\" src=\"https:\/\/www.etkaotomotiv.com\/wp-content\/uploads\/2021\/12\/protitip-imlati-2-1.png\" class=\"elementor-animation-pulse attachment-medium_large size-medium_large wp-image-6237\" alt=\"\" srcset=\"https:\/\/www.etkaotomotiv.com\/wp-content\/uploads\/2021\/12\/protitip-imlati-2-1.png 508w, https:\/\/www.etkaotomotiv.com\/wp-content\/uploads\/2021\/12\/protitip-imlati-2-1-300x207.png 300w, https:\/\/www.etkaotomotiv.com\/wp-content\/uploads\/2021\/12\/protitip-imlati-2-1-18x12.png 18w\" sizes=\"(max-width: 508px) 100vw, 508px\" \/>\t\t\t\t\t\t\t\t<\/a>\n\t\t\t\t\t\t\t\t\t\t\t<figcaption class=\"widget-image-caption wp-caption-text\">PROTOTYPE MANUFACTURING<\/figcaption>\n\t\t\t\t\t\t\t\t\t\t<\/figure>\n\t\t\t\t\t\t\t\t\t<\/div>\n\t\t\t\t<\/div>\n\t\t\t\t\t<\/div>\n\t\t<\/div>\n\t\t\t\t\t<\/div>\n\t\t<\/section>\n\t\t\t\t<section class=\"elementor-section elementor-top-section elementor-element elementor-element-e324fa5 elementor-section-boxed elementor-section-height-default elementor-section-height-default\" data-id=\"e324fa5\" data-element_type=\"section\" data-e-type=\"section\">\n\t\t\t\t\t\t<div class=\"elementor-container elementor-column-gap-default\">\n\t\t\t\t\t<div class=\"elementor-column elementor-col-50 elementor-top-column elementor-element elementor-element-cdc3856\" data-id=\"cdc3856\" data-element_type=\"column\" data-e-type=\"column\">\n\t\t\t<div class=\"elementor-widget-wrap elementor-element-populated\">\n\t\t\t\t\t\t<div class=\"elementor-element elementor-element-a953865 elementor-widget elementor-widget-image\" data-id=\"a953865\" data-element_type=\"widget\" data-e-type=\"widget\" data-widget_type=\"image.default\">\n\t\t\t\t<div class=\"elementor-widget-container\">\n\t\t\t\t\t\t\t\t\t\t\t\t<figure class=\"wp-caption\">\n\t\t\t\t\t\t\t\t\t\t\t<a href=\"https:\/\/www.etkaotomotiv.com\/en\/ulasimaraclari-plastikoltuklari\/\">\n\t\t\t\t\t\t\t<img loading=\"lazy\" decoding=\"async\" width=\"508\" height=\"334\" src=\"https:\/\/www.etkaotomotiv.com\/wp-content\/uploads\/2021\/12\/bus-2844405_1920-1.jpg\" class=\"elementor-animation-pulse attachment-large size-large wp-image-6238\" alt=\"\" srcset=\"https:\/\/www.etkaotomotiv.com\/wp-content\/uploads\/2021\/12\/bus-2844405_1920-1.jpg 508w, https:\/\/www.etkaotomotiv.com\/wp-content\/uploads\/2021\/12\/bus-2844405_1920-1-300x197.jpg 300w, https:\/\/www.etkaotomotiv.com\/wp-content\/uploads\/2021\/12\/bus-2844405_1920-1-18x12.jpg 18w\" sizes=\"(max-width: 508px) 100vw, 508px\" \/>\t\t\t\t\t\t\t\t<\/a>\n\t\t\t\t\t\t\t\t\t\t\t<figcaption class=\"widget-image-caption wp-caption-text\">PLASTIC SEAT<\/figcaption>\n\t\t\t\t\t\t\t\t\t\t<\/figure>\n\t\t\t\t\t\t\t\t\t<\/div>\n\t\t\t\t<\/div>\n\t\t\t\t\t<\/div>\n\t\t<\/div>\n\t\t\t\t<div class=\"elementor-column elementor-col-50 elementor-top-column elementor-element elementor-element-57e736f\" data-id=\"57e736f\" data-element_type=\"column\" data-e-type=\"column\">\n\t\t\t<div class=\"elementor-widget-wrap elementor-element-populated\">\n\t\t\t\t\t\t<div class=\"elementor-element elementor-element-a9afa4f elementor-widget elementor-widget-image\" data-id=\"a9afa4f\" data-element_type=\"widget\" data-e-type=\"widget\" data-widget_type=\"image.default\">\n\t\t\t\t<div class=\"elementor-widget-container\">\n\t\t\t\t\t\t\t\t\t\t\t\t<figure class=\"wp-caption\">\n\t\t\t\t\t\t\t\t\t\t\t<a href=\"https:\/\/www.etkaotomotiv.com\/en\/koltuk-aksesuarlari\/\">\n\t\t\t\t\t\t\t<img loading=\"lazy\" decoding=\"async\" width=\"508\" height=\"334\" src=\"https:\/\/www.etkaotomotiv.com\/wp-content\/uploads\/2021\/12\/bus-1263266_1920-1.jpg\" class=\"elementor-animation-pulse attachment-large size-large wp-image-6239\" alt=\"\" srcset=\"https:\/\/www.etkaotomotiv.com\/wp-content\/uploads\/2021\/12\/bus-1263266_1920-1.jpg 508w, https:\/\/www.etkaotomotiv.com\/wp-content\/uploads\/2021\/12\/bus-1263266_1920-1-300x197.jpg 300w, https:\/\/www.etkaotomotiv.com\/wp-content\/uploads\/2021\/12\/bus-1263266_1920-1-18x12.jpg 18w\" sizes=\"(max-width: 508px) 100vw, 508px\" \/>\t\t\t\t\t\t\t\t<\/a>\n\t\t\t\t\t\t\t\t\t\t\t<figcaption class=\"widget-image-caption wp-caption-text\">SEAT ACCESSORIES<\/figcaption>\n\t\t\t\t\t\t\t\t\t\t<\/figure>\n\t\t\t\t\t\t\t\t\t<\/div>\n\t\t\t\t<\/div>\n\t\t\t\t\t<\/div>\n\t\t<\/div>\n\t\t\t\t\t<\/div>\n\t\t<\/section>\n\t\t\t\t<section class=\"elementor-section elementor-top-section elementor-element elementor-element-1fb0d93 elementor-section-boxed elementor-section-height-default elementor-section-height-default\" data-id=\"1fb0d93\" data-element_type=\"section\" data-e-type=\"section\">\n\t\t\t\t\t\t<div class=\"elementor-container elementor-column-gap-default\">\n\t\t\t\t\t<div class=\"elementor-column elementor-col-100 elementor-top-column elementor-element elementor-element-32093bd\" data-id=\"32093bd\" data-element_type=\"column\" data-e-type=\"column\">\n\t\t\t<div class=\"elementor-widget-wrap elementor-element-populated\">\n\t\t\t\t\t\t<div class=\"elementor-element elementor-element-14c98d8 elementor-widget elementor-widget-spacer\" data-id=\"14c98d8\" data-element_type=\"widget\" data-e-type=\"widget\" data-widget_type=\"spacer.default\">\n\t\t\t\t<div class=\"elementor-widget-container\">\n\t\t\t\t\t\t\t<div class=\"elementor-spacer\">\n\t\t\t<div class=\"elementor-spacer-inner\"><\/div>\n\t\t<\/div>\n\t\t\t\t\t\t<\/div>\n\t\t\t\t<\/div>\n\t\t\t\t<div class=\"elementor-element elementor-element-9ab4935 elementor-widget-divider--view-line_text elementor-widget-divider--element-align-center elementor-widget elementor-widget-divider\" data-id=\"9ab4935\" data-element_type=\"widget\" data-e-type=\"widget\" data-widget_type=\"divider.default\">\n\t\t\t\t<div class=\"elementor-widget-container\">\n\t\t\t\t\t\t\t<div class=\"elementor-divider\">\n\t\t\t<span class=\"elementor-divider-separator\">\n\t\t\t\t\t\t\t<span class=\"elementor-divider__text elementor-divider__element\">\n\t\t\t\tREFERANSLARIMIZ\t\t\t\t<\/span>\n\t\t\t\t\t\t<\/span>\n\t\t<\/div>\n\t\t\t\t\t\t<\/div>\n\t\t\t\t<\/div>\n\t\t\t\t\t<\/div>\n\t\t<\/div>\n\t\t\t\t\t<\/div>\n\t\t<\/section>\n\t\t\t\t<section class=\"elementor-section elementor-top-section elementor-element elementor-element-9905a3c elementor-section-boxed elementor-section-height-default elementor-section-height-default\" data-id=\"9905a3c\" data-element_type=\"section\" data-e-type=\"section\">\n\t\t\t\t\t\t<div class=\"elementor-container elementor-column-gap-default\">\n\t\t\t\t\t<div class=\"elementor-column elementor-col-100 elementor-top-column elementor-element elementor-element-4e59b78\" data-id=\"4e59b78\" data-element_type=\"column\" data-e-type=\"column\">\n\t\t\t<div class=\"elementor-widget-wrap elementor-element-populated\">\n\t\t\t\t\t\t<div class=\"elementor-element elementor-element-f5545cb elementor-arrows-position-inside elementor-pagination-position-outside elementor-widget elementor-widget-image-carousel\" data-id=\"f5545cb\" data-element_type=\"widget\" data-e-type=\"widget\" data-settings=\"{&quot;slides_to_show&quot;:&quot;1&quot;,&quot;navigation&quot;:&quot;both&quot;,&quot;autoplay&quot;:&quot;yes&quot;,&quot;pause_on_hover&quot;:&quot;yes&quot;,&quot;pause_on_interaction&quot;:&quot;yes&quot;,&quot;autoplay_speed&quot;:5000,&quot;infinite&quot;:&quot;yes&quot;,&quot;effect&quot;:&quot;slide&quot;,&quot;speed&quot;:500}\" data-widget_type=\"image-carousel.default\">\n\t\t\t\t<div class=\"elementor-widget-container\">\n\t\t\t\t\t\t\t<div class=\"elementor-image-carousel-wrapper swiper\" role=\"region\" aria-roledescription=\"carousel\" aria-label=\"Image Carousel\" dir=\"ltr\">\n\t\t\t<div class=\"elementor-image-carousel swiper-wrapper\" aria-live=\"off\">\n\t\t\t\t\t\t\t\t<div class=\"swiper-slide\" role=\"group\" aria-roledescription=\"slide\" aria-label=\"1 of 1\" data-no-translation-aria-label=\"\"><figure class=\"swiper-slide-inner\"><img decoding=\"async\" class=\"swiper-slide-image\" src=\"https:\/\/www.etkaotomotiv.com\/wp-content\/uploads\/2022\/05\/18-Global-Service-kopya-scaled-e1653652184819-1024x394.jpg\" alt=\"18-Global Service kopya\" \/><\/figure><\/div>\t\t\t<\/div>\n\t\t\t\t\t<\/div>\n\t\t\t\t\t\t<\/div>\n\t\t\t\t<\/div>\n\t\t\t\t<div class=\"elementor-element elementor-element-e983873 elementor-widget elementor-widget-heading\" data-id=\"e983873\" data-element_type=\"widget\" data-e-type=\"widget\" data-widget_type=\"heading.default\">\n\t\t\t\t<div class=\"elementor-widget-container\">\n\t\t\t\t\t<h2 class=\"elementor-heading-title elementor-size-xl\">...we are not selling Antartica yet.<\/h2>\t\t\t\t<\/div>\n\t\t\t\t<\/div>\n\t\t\t\t\t<\/div>\n\t\t<\/div>\n\t\t\t\t\t<\/div>\n\t\t<\/section>\n\t\t\t\t<\/div>","protected":false},"excerpt":{"rendered":"<p>SEKT\u00d6RLER\u0130M\u0130Z OTOMOT\u0130V OTOB\u00dcS KAMYON TRAKT\u00d6R HAVACILIK RAYLI S\u0130STEMLER KALIP \u0130MALATI PROTOT\u0130P KALIP \u0130MALATI PROTOT\u0130P \u0130MALATI ULA\u015eIM ARA\u00c7LARI PLAST\u0130K KOLTUKLAR KOLTUK AKSESUARLARI REFERANSLARIMIZ &#8230;we are not selling Antartica yet.<\/p>","protected":false},"author":1,"featured_media":0,"parent":0,"menu_order":0,"comment_status":"closed","ping_status":"closed","template":"","meta":{"footnotes":""},"class_list":["post-5387","page","type-page","status-publish","hentry"],"_links":{"self":[{"href":"https:\/\/www.etkaotomotiv.com\/en\/wp-json\/wp\/v2\/pages\/5387","targetHints":{"allow":["GET"]}}],"collection":[{"href":"https:\/\/www.etkaotomotiv.com\/en\/wp-json\/wp\/v2\/pages"}],"about":[{"href":"https:\/\/www.etkaotomotiv.com\/en\/wp-json\/wp\/v2\/types\/page"}],"author":[{"embeddable":true,"href":"https:\/\/www.etkaotomotiv.com\/en\/wp-json\/wp\/v2\/users\/1"}],"replies":[{"embeddable":true,"href":"https:\/\/www.etkaotomotiv.com\/en\/wp-json\/wp\/v2\/comments?post=5387"}],"version-history":[{"count":130,"href":"https:\/\/www.etkaotomotiv.com\/en\/wp-json\/wp\/v2\/pages\/5387\/revisions"}],"predecessor-version":[{"id":8214,"href":"https:\/\/www.etkaotomotiv.com\/en\/wp-json\/wp\/v2\/pages\/5387\/revisions\/8214"}],"wp:attachment":[{"href":"https:\/\/www.etkaotomotiv.com\/en\/wp-json\/wp\/v2\/media?parent=5387"}],"curies":[{"name":"wp","href":"https:\/\/api.w.org\/{rel}","templated":true}]}}