{"id":1902,"date":"2021-10-08T10:23:58","date_gmt":"2021-10-08T07:23:58","guid":{"rendered":"https:\/\/www.etkaotomotiv.com\/?page_id=1902"},"modified":"2021-12-23T21:40:21","modified_gmt":"2021-12-23T18:40:21","slug":"politikalarimiz","status":"publish","type":"page","link":"https:\/\/www.etkaotomotiv.com\/en\/politikalarimiz\/","title":{"rendered":"Politikam\u0131z"},"content":{"rendered":"<div data-elementor-type=\"wp-page\" data-elementor-id=\"1902\" class=\"elementor elementor-1902\">\n\t\t\t\t\t\t<section class=\"elementor-section elementor-top-section elementor-element elementor-element-095409e elementor-section-boxed elementor-section-height-default elementor-section-height-default\" data-id=\"095409e\" data-element_type=\"section\" data-e-type=\"section\">\n\t\t\t\t\t\t<div class=\"elementor-container elementor-column-gap-default\">\n\t\t\t\t\t<div class=\"elementor-column elementor-col-100 elementor-top-column elementor-element elementor-element-9b94689\" data-id=\"9b94689\" data-element_type=\"column\" data-e-type=\"column\">\n\t\t\t<div class=\"elementor-widget-wrap elementor-element-populated\">\n\t\t\t\t\t\t<div class=\"elementor-element elementor-element-dbf505f elementor-widget-divider--view-line_text elementor-widget-divider--element-align-center elementor-widget elementor-widget-divider\" data-id=\"dbf505f\" data-element_type=\"widget\" data-e-type=\"widget\" data-widget_type=\"divider.default\">\n\t\t\t\t<div class=\"elementor-widget-container\">\n\t\t\t\t\t\t\t<div class=\"elementor-divider\">\n\t\t\t<span class=\"elementor-divider-separator\">\n\t\t\t\t\t\t\t<span class=\"elementor-divider__text elementor-divider__element\">\n\t\t\t\tCORPORATE RESPONSIBILITY POLICY\t\t\t\t<\/span>\n\t\t\t\t\t\t<\/span>\n\t\t<\/div>\n\t\t\t\t\t\t<\/div>\n\t\t\t\t<\/div>\n\t\t\t\t<div class=\"elementor-element elementor-element-f9c4f6d elementor-widget elementor-widget-text-editor\" data-id=\"f9c4f6d\" data-element_type=\"widget\" data-e-type=\"widget\" data-widget_type=\"text-editor.default\">\n\t\t\t\t<div class=\"elementor-widget-container\">\n\t\t\t\t\t\t\t\t\t<p style=\"margin-bottom: 11.25pt; line-height: 19.5pt; background-image: initial; background-position: initial; background-size: initial; background-repeat: initial; background-attachment: initial; background-origin: initial; background-clip: initial;\"><span style=\"font-size: 11.5pt; font-family: 'Open Sans', sans-serif;\">Etka - d Otomotiv Corporate Responsibility Policy, corporate responsibility principles are important and priority for us.<\/span><\/p><p style=\"margin-bottom: 11.25pt; line-height: 19.5pt; background-image: initial; background-position: initial; background-size: initial; background-repeat: initial; background-attachment: initial; background-origin: initial; background-clip: initial;\"><span style=\"font-size: 11.5pt;\">As part of the value , we have of \"Respecting for Human and Valuing Manpower\", we act with a high sense of responsibility in all our runnings and we accept this as one of the main and unchangeable rules of our management understanding.<\/span><\/p><p style=\"margin-bottom: 11.25pt; line-height: 19.5pt; background-image: initial; background-position: initial; background-size: initial; background-repeat: initial; background-attachment: initial; background-origin: initial; background-clip: initial;\"><span style=\"font-size: 11.5pt;\">Determining our corporate responsibility and priorities, prefer the best for society and the environment.<\/span><\/p><p style=\"margin-bottom: 11.25pt; line-height: 19.5pt; background-image: initial; background-position: initial; background-size: initial; background-repeat: initial; background-attachment: initial; background-origin: initial; background-clip: initial;\"><span style=\"font-size: 11.5pt;\">Fulfilling our obligations, we are  working hard for the development of our workplace and business.<\/span><\/p>\t\t\t\t\t\t\t\t<\/div>\n\t\t\t\t<\/div>\n\t\t\t\t\t<\/div>\n\t\t<\/div>\n\t\t\t\t\t<\/div>\n\t\t<\/section>\n\t\t\t\t<section class=\"elementor-section elementor-top-section elementor-element elementor-element-a740c86 elementor-section-boxed elementor-section-height-default elementor-section-height-default\" data-id=\"a740c86\" data-element_type=\"section\" data-e-type=\"section\">\n\t\t\t\t\t\t<div class=\"elementor-container elementor-column-gap-default\">\n\t\t\t\t\t<div class=\"elementor-column elementor-col-100 elementor-top-column elementor-element elementor-element-1dd1dc9\" data-id=\"1dd1dc9\" data-element_type=\"column\" data-e-type=\"column\">\n\t\t\t<div class=\"elementor-widget-wrap elementor-element-populated\">\n\t\t\t\t\t\t<div class=\"elementor-element elementor-element-cd4034d elementor-widget elementor-widget-heading\" data-id=\"cd4034d\" data-element_type=\"widget\" data-e-type=\"widget\" data-widget_type=\"heading.default\">\n\t\t\t\t<div class=\"elementor-widget-container\">\n\t\t\t\t\t<h3 class=\"elementor-heading-title elementor-size-default\">Human Rights (Respect for Human Beings and Value of Manpower)<\/h3>\t\t\t\t<\/div>\n\t\t\t\t<\/div>\n\t\t\t\t<div class=\"elementor-element elementor-element-6ff233e elementor-widget elementor-widget-text-editor\" data-id=\"6ff233e\" data-element_type=\"widget\" data-e-type=\"widget\" data-widget_type=\"text-editor.default\">\n\t\t\t\t<div class=\"elementor-widget-container\">\n\t\t\t\t\t\t\t\t\t<p style=\"margin-bottom: 11.25pt; line-height: 19.5pt; background-image: initial; background-position: initial; background-size: initial; background-repeat: initial; background-attachment: initial; background-origin: initial; background-clip: initial;\"><span style=\"font-size: 11.5pt;\">Respect for Human Rights.<\/span><\/p><p style=\"margin-bottom: 11.25pt; line-height: 19.5pt; background-image: initial; background-position: initial; background-size: initial; background-repeat: initial; background-attachment: initial; background-origin: initial; background-clip: initial;\"><span style=\"font-size: 11.5pt;\">Treat everyone equally and fairly.<\/span><\/p><p style=\"margin-bottom: 11.25pt; line-height: 19.5pt; background-image: initial; background-position: initial; background-size: initial; background-repeat: initial; background-attachment: initial; background-origin: initial; background-clip: initial;\"><span style=\"font-size: 11.5pt;\">By being sensitive to the traditions and cultures of our country and acting in accordance with all legal regulations.<\/span><\/p><p style=\"margin-bottom: 11.25pt; line-height: 19.5pt; background-image: initial; background-position: initial; background-size: initial; background-repeat: initial; background-attachment: initial; background-origin: initial; background-clip: initial;\"><span style=\"font-size: 11.5pt;\">We do not accept discrimination between employees such as language, religion, race, color, gender, political opinion,<\/span><\/p><p style=\"margin-bottom: 11.25pt; line-height: 19.5pt; background-image: initial; background-position: initial; background-size: initial; background-repeat: initial; background-attachment: initial; background-origin: initial; background-clip: initial;\"><span style=\"font-size: 11.5pt;\">faith, age, physical disability and so on.<\/span><\/p><p style=\"margin-bottom: 11.25pt; line-height: 19.5pt; background-image: initial; background-position: initial; background-size: initial; background-repeat: initial; background-attachment: initial; background-origin: initial; background-clip: initial;\"><span style=\"font-size: 11.5pt;\">We ensure that the Employee Personal Rights of our employees are used correctly.<\/span><\/p>\t\t\t\t\t\t\t\t<\/div>\n\t\t\t\t<\/div>\n\t\t\t\t\t<\/div>\n\t\t<\/div>\n\t\t\t\t\t<\/div>\n\t\t<\/section>\n\t\t\t\t<section class=\"elementor-section elementor-top-section elementor-element elementor-element-17bf273 elementor-section-boxed elementor-section-height-default elementor-section-height-default\" data-id=\"17bf273\" data-element_type=\"section\" data-e-type=\"section\">\n\t\t\t\t\t\t<div class=\"elementor-container elementor-column-gap-default\">\n\t\t\t\t\t<div class=\"elementor-column elementor-col-100 elementor-top-column elementor-element elementor-element-65322bc\" data-id=\"65322bc\" data-element_type=\"column\" data-e-type=\"column\">\n\t\t\t<div class=\"elementor-widget-wrap elementor-element-populated\">\n\t\t\t\t\t\t<div class=\"elementor-element elementor-element-2bd05ee elementor-widget elementor-widget-heading\" data-id=\"2bd05ee\" data-element_type=\"widget\" data-e-type=\"widget\" data-widget_type=\"heading.default\">\n\t\t\t\t<div class=\"elementor-widget-container\">\n\t\t\t\t\t<h3 class=\"elementor-heading-title elementor-size-default\">Business Ethics (Reliability and Honesty)<\/h3>\t\t\t\t<\/div>\n\t\t\t\t<\/div>\n\t\t\t\t<div class=\"elementor-element elementor-element-fbb4291 elementor-widget elementor-widget-text-editor\" data-id=\"fbb4291\" data-element_type=\"widget\" data-e-type=\"widget\" data-widget_type=\"text-editor.default\">\n\t\t\t\t<div class=\"elementor-widget-container\">\n\t\t\t\t\t\t\t\t\t<p style=\"margin-left: -6pt; line-height: 19.5pt; background-image: initial; background-position: initial; background-size: initial; background-repeat: initial; background-attachment: initial; background-origin: initial; background-clip: initial;\"><span style=\"font-size: 11.5pt;\">\u00a0 We expect the highest level of integrity <\/span><span style=\"font-size: 11.5pt;\">in all business activities and relationships.<\/span><\/p><p style=\"margin-left: -6pt; line-height: 19.5pt; background-image: initial; background-position: initial; background-size: initial; background-repeat: initial; background-attachment: initial; background-origin: initial; background-clip: initial;\"><span style=\"font-size: 11.5pt;\">\u00a0 We are against all forms of corruption, bribery, blackmail and abuse.<\/span><\/p><p style=\"margin-left: -6pt; line-height: 19.5pt; background-image: initial; background-position: initial; background-size: initial; background-repeat: initial; background-attachment: initial; background-origin: initial; background-clip: initial;\"><span style=\"font-size: 11.5pt;\">\u00a0 Not tolerate any kind of unacceptable behavior towards our customers, employees and suppliers.<\/span><\/p>\t\t\t\t\t\t\t\t<\/div>\n\t\t\t\t<\/div>\n\t\t\t\t\t<\/div>\n\t\t<\/div>\n\t\t\t\t\t<\/div>\n\t\t<\/section>\n\t\t\t\t<section class=\"elementor-section elementor-top-section elementor-element elementor-element-63300af elementor-section-boxed elementor-section-height-default elementor-section-height-default\" data-id=\"63300af\" data-element_type=\"section\" data-e-type=\"section\">\n\t\t\t\t\t\t<div class=\"elementor-container elementor-column-gap-default\">\n\t\t\t\t\t<div class=\"elementor-column elementor-col-100 elementor-top-column elementor-element elementor-element-84a27e5\" data-id=\"84a27e5\" data-element_type=\"column\" data-e-type=\"column\">\n\t\t\t<div class=\"elementor-widget-wrap elementor-element-populated\">\n\t\t\t\t\t\t<div class=\"elementor-element elementor-element-7b6fb3a elementor-widget elementor-widget-heading\" data-id=\"7b6fb3a\" data-element_type=\"widget\" data-e-type=\"widget\" data-widget_type=\"heading.default\">\n\t\t\t\t<div class=\"elementor-widget-container\">\n\t\t\t\t\t<h3 class=\"elementor-heading-title elementor-size-default\">Business Conditions (Respect for Human &amp; Value of Manpower)<\/h3>\t\t\t\t<\/div>\n\t\t\t\t<\/div>\n\t\t\t\t<div class=\"elementor-element elementor-element-f189b42 elementor-widget elementor-widget-text-editor\" data-id=\"f189b42\" data-element_type=\"widget\" data-e-type=\"widget\" data-widget_type=\"text-editor.default\">\n\t\t\t\t<div class=\"elementor-widget-container\">\n\t\t\t\t\t\t\t\t\t<p style=\"margin-left: -6pt; line-height: 19.5pt; background-image: initial; background-position: initial; background-size: initial; background-repeat: initial; background-attachment: initial; background-origin: initial; background-clip: initial;\"><span style=\"font-size: 11.5pt;\">\u00a0 Not child employment at any stage of production.<\/span><\/p><p style=\"margin-left: -6pt; line-height: 19.5pt; background-image: initial; background-position: initial; background-size: initial; background-repeat: initial; background-attachment: initial; background-origin: initial; background-clip: initial;\"><span style=\"font-size: 11.5pt;\">\u00a0 Act in accordance with the procedures and principles of employing young workers.<\/span><\/p><p style=\"margin-left: -6pt; line-height: 19.5pt; background-image: initial; background-position: initial; background-size: initial; background-repeat: initial; background-attachment: initial; background-origin: initial; background-clip: initial;\"><span style=\"font-size: 11.5pt;\">\u00a0 Pay attention to the legal regulations when determining working conditions.<\/span><\/p><p style=\"margin-left: -6pt; line-height: 19.5pt; background-image: initial; background-position: initial; background-size: initial; background-repeat: initial; background-attachment: initial; background-origin: initial; background-clip: initial;\"><span style=\"font-size: 11.5pt;\">\u00a0 Training quality human resources by providing the necessary working environment for the individual development of our employees.<\/span><\/p><p style=\"margin-left: -6pt; line-height: 19.5pt; background-image: initial; background-position: initial; background-size: initial; background-repeat: initial; background-attachment: initial; background-origin: initial; background-clip: initial;\"><span style=\"font-size: 11.5pt;\">\u00a0 Support teamwork and cooperation.<\/span><\/p><p style=\"margin-left: -6pt; line-height: 19.5pt; background-image: initial; background-position: initial; background-size: initial; background-repeat: initial; background-attachment: initial; background-origin: initial; background-clip: initial;\"><span style=\"font-size: 11.5pt;\">\u00a0 Take all necessary measures to protect the health of our employees and health checks every year for the health of our employees.<\/span><\/p><p style=\"margin-left: -6pt; line-height: 19.5pt; background-image: initial; background-position: initial; background-size: initial; background-repeat: initial; background-attachment: initial; background-origin: initial; background-clip: initial;\"><span style=\"font-size: 11.5pt;\">\u00a0 We believe that all our employees have the right to work in a healthy and safe environment. <\/span><\/p><p style=\"margin-left: -6pt; line-height: 19.5pt; background-image: initial; background-position: initial; background-size: initial; background-repeat: initial; background-attachment: initial; background-origin: initial; background-clip: initial;\"><span style=\"font-size: 11.5pt;\">\u00a0 We carry out all our activities within the scope of our Occupational Health and Safety policy in order to create a safe and healthy working environment.<\/span><\/p>\t\t\t\t\t\t\t\t<\/div>\n\t\t\t\t<\/div>\n\t\t\t\t\t<\/div>\n\t\t<\/div>\n\t\t\t\t\t<\/div>\n\t\t<\/section>\n\t\t\t\t<section class=\"elementor-section elementor-top-section elementor-element elementor-element-29b020b elementor-section-boxed elementor-section-height-default elementor-section-height-default\" data-id=\"29b020b\" data-element_type=\"section\" data-e-type=\"section\">\n\t\t\t\t\t\t<div class=\"elementor-container elementor-column-gap-default\">\n\t\t\t\t\t<div class=\"elementor-column elementor-col-100 elementor-top-column elementor-element elementor-element-65acff7\" data-id=\"65acff7\" data-element_type=\"column\" data-e-type=\"column\">\n\t\t\t<div class=\"elementor-widget-wrap elementor-element-populated\">\n\t\t\t\t\t\t<div class=\"elementor-element elementor-element-6fb6d5a elementor-widget elementor-widget-heading\" data-id=\"6fb6d5a\" data-element_type=\"widget\" data-e-type=\"widget\" data-widget_type=\"heading.default\">\n\t\t\t\t<div class=\"elementor-widget-container\">\n\t\t\t\t\t<h2 class=\"elementor-heading-title elementor-size-default\">Environment<\/h2>\t\t\t\t<\/div>\n\t\t\t\t<\/div>\n\t\t\t\t<div class=\"elementor-element elementor-element-3b1944e elementor-widget elementor-widget-text-editor\" data-id=\"3b1944e\" data-element_type=\"widget\" data-e-type=\"widget\" data-widget_type=\"text-editor.default\">\n\t\t\t\t<div class=\"elementor-widget-container\">\n\t\t\t\t\t\t\t\t\t<p style=\"margin-left: -6pt; line-height: 19.5pt; background-image: initial; background-position: initial; background-size: initial; background-repeat: initial; background-attachment: initial; background-origin: initial; background-clip: initial;\"><span style=\"font-size: 11.5pt;\">\u00a0 Manage the environmental effects that may arise from all kinds of our production with responsibility awareness.<\/span><\/p><p style=\"margin-left: -6pt; line-height: 19.5pt; background-image: initial; background-position: initial; background-size: initial; background-repeat: initial; background-attachment: initial; background-origin: initial; background-clip: initial;\"><span style=\"font-size: 11.5pt;\">\u00a0 Produce with using safe methods and respecting the environment.<\/span><\/p><p style=\"margin-left: -6pt; line-height: 19.5pt; background-image: initial; background-position: initial; background-size: initial; background-repeat: initial; background-attachment: initial; background-origin: initial; background-clip: initial;\"><span style=\"font-size: 11.5pt;\">\u00a0 Contribute to the development of society.<\/span><\/p><p style=\"margin-left: -6pt; line-height: 19.5pt; background-image: initial; background-position: initial; background-size: initial; background-repeat: initial; background-attachment: initial; background-origin: initial; background-clip: initial;\"><span style=\"font-size: 11.5pt;\">\u00a0 In the framework of our Corporate Responsibility, the complete implementation of the above-mentioned principles; It is our expectation and priority          business target from all our employees, suppliers and all institutions and organizations we cooperate with.<\/span><\/p>\t\t\t\t\t\t\t\t<\/div>\n\t\t\t\t<\/div>\n\t\t\t\t\t<\/div>\n\t\t<\/div>\n\t\t\t\t\t<\/div>\n\t\t<\/section>\n\t\t\t\t<\/div>","protected":false},"excerpt":{"rendered":"<p>KURUMSAL SORUMLULUK POL\u0130T\u0130KAMIZ Etka \u2013 d Otomotiv Kurumsal Sorumluluk Politikas\u0131; kurumsal sorumluluk ilkelerimizi ve konunun bizim i\u00e7in \u00f6nemini ve \u00f6nceli\u011fini vurgular. Sahip oldu\u011fumuz \u2018\u2019\u0130nsana Sayg\u0131 ve Eme\u011fe De\u011fer Vermek\u2019\u2019 de\u011ferinin bir par\u00e7as\u0131 olarak t\u00fcm faaliyetlerimizde y\u00fcksek sorumluluk bilinciyle hareket eder ve bunu y\u00f6netim anlay\u0131\u015f\u0131m\u0131z\u0131n temel ve de\u011fi\u015fmez unsurlar\u0131ndan biri olarak kabul ederiz. Kurumsal sorumluluk anlay\u0131\u015f\u0131m\u0131z\u0131 [&hellip;]<\/p>","protected":false},"author":1,"featured_media":0,"parent":0,"menu_order":0,"comment_status":"closed","ping_status":"closed","template":"","meta":{"footnotes":""},"class_list":["post-1902","page","type-page","status-publish","hentry"],"_links":{"self":[{"href":"https:\/\/www.etkaotomotiv.com\/en\/wp-json\/wp\/v2\/pages\/1902","targetHints":{"allow":["GET"]}}],"collection":[{"href":"https:\/\/www.etkaotomotiv.com\/en\/wp-json\/wp\/v2\/pages"}],"about":[{"href":"https:\/\/www.etkaotomotiv.com\/en\/wp-json\/wp\/v2\/types\/page"}],"author":[{"embeddable":true,"href":"https:\/\/www.etkaotomotiv.com\/en\/wp-json\/wp\/v2\/users\/1"}],"replies":[{"embeddable":true,"href":"https:\/\/www.etkaotomotiv.com\/en\/wp-json\/wp\/v2\/comments?post=1902"}],"version-history":[{"count":271,"href":"https:\/\/www.etkaotomotiv.com\/en\/wp-json\/wp\/v2\/pages\/1902\/revisions"}],"predecessor-version":[{"id":8423,"href":"https:\/\/www.etkaotomotiv.com\/en\/wp-json\/wp\/v2\/pages\/1902\/revisions\/8423"}],"wp:attachment":[{"href":"https:\/\/www.etkaotomotiv.com\/en\/wp-json\/wp\/v2\/media?parent=1902"}],"curies":[{"name":"wp","href":"https:\/\/api.w.org\/{rel}","templated":true}]}}