{"id":10,"date":"2020-06-11T13:44:36","date_gmt":"2020-06-11T10:44:36","guid":{"rendered":"http:\/\/daio.info\/Firmalar\/okyanuspide\/?page_id=10"},"modified":"2022-01-04T11:49:43","modified_gmt":"2022-01-04T08:49:43","slug":"hakkimizda","status":"publish","type":"page","link":"https:\/\/www.etkaotomotiv.com\/en\/hakkimizda\/","title":{"rendered":"About Us"},"content":{"rendered":"<div data-elementor-type=\"wp-page\" data-elementor-id=\"10\" class=\"elementor elementor-10\">\n\t\t\t\t\t\t<section class=\"elementor-section elementor-top-section elementor-element elementor-element-c22ac63 elementor-section-boxed elementor-section-height-default elementor-section-height-default\" data-id=\"c22ac63\" data-element_type=\"section\" data-e-type=\"section\">\n\t\t\t\t\t\t<div class=\"elementor-container elementor-column-gap-default\">\n\t\t\t\t\t<div class=\"elementor-column elementor-col-100 elementor-top-column elementor-element elementor-element-1bfcbf5\" data-id=\"1bfcbf5\" data-element_type=\"column\" data-e-type=\"column\">\n\t\t\t<div class=\"elementor-widget-wrap elementor-element-populated\">\n\t\t\t\t\t\t<div class=\"elementor-element elementor-element-262541f elementor-invisible elementor-widget elementor-widget-heading\" data-id=\"262541f\" data-element_type=\"widget\" data-e-type=\"widget\" data-settings=\"{&quot;_animation&quot;:&quot;fadeInDown&quot;}\" data-widget_type=\"heading.default\">\n\t\t\t\t<div class=\"elementor-widget-container\">\n\t\t\t\t\t<h2 class=\"elementor-heading-title elementor-size-default\">Offering Comfort and Quality Inspired by the Perfection of Nature\u2026<\/h2>\t\t\t\t<\/div>\n\t\t\t\t<\/div>\n\t\t\t\t\t<\/div>\n\t\t<\/div>\n\t\t\t\t\t<\/div>\n\t\t<\/section>\n\t\t\t\t<section class=\"elementor-section elementor-top-section elementor-element elementor-element-7f2e0ef5 elementor-section-boxed elementor-section-height-default elementor-section-height-default\" data-id=\"7f2e0ef5\" data-element_type=\"section\" data-e-type=\"section\">\n\t\t\t\t\t\t<div class=\"elementor-container elementor-column-gap-default\">\n\t\t\t\t\t<div class=\"elementor-column elementor-col-100 elementor-top-column elementor-element elementor-element-2b60d9c3\" data-id=\"2b60d9c3\" data-element_type=\"column\" data-e-type=\"column\">\n\t\t\t<div class=\"elementor-widget-wrap elementor-element-populated\">\n\t\t\t\t\t\t<section class=\"elementor-section elementor-inner-section elementor-element elementor-element-18186ce elementor-section-boxed elementor-section-height-default elementor-section-height-default\" data-id=\"18186ce\" data-element_type=\"section\" data-e-type=\"section\">\n\t\t\t\t\t\t<div class=\"elementor-container elementor-column-gap-default\">\n\t\t\t\t\t<div class=\"elementor-column elementor-col-50 elementor-inner-column elementor-element elementor-element-0d6e291\" data-id=\"0d6e291\" data-element_type=\"column\" data-e-type=\"column\">\n\t\t\t<div class=\"elementor-widget-wrap elementor-element-populated\">\n\t\t\t\t\t\t<div class=\"elementor-element elementor-element-422358d elementor-widget elementor-widget-image\" data-id=\"422358d\" data-element_type=\"widget\" data-e-type=\"widget\" data-widget_type=\"image.default\">\n\t\t\t\t<div class=\"elementor-widget-container\">\n\t\t\t\t\t\t\t\t\t\t\t\t\t\t\t<img fetchpriority=\"high\" decoding=\"async\" width=\"423\" height=\"344\" src=\"https:\/\/www.etkaotomotiv.com\/wp-content\/uploads\/2021\/10\/etka-ekran.png\" class=\"attachment-large size-large wp-image-1906\" alt=\"\" srcset=\"https:\/\/www.etkaotomotiv.com\/wp-content\/uploads\/2021\/10\/etka-ekran.png 423w, https:\/\/www.etkaotomotiv.com\/wp-content\/uploads\/2021\/10\/etka-ekran-300x244.png 300w, https:\/\/www.etkaotomotiv.com\/wp-content\/uploads\/2021\/10\/etka-ekran-15x12.png 15w\" sizes=\"(max-width: 423px) 100vw, 423px\" \/>\t\t\t\t\t\t\t\t\t\t\t\t\t\t\t<\/div>\n\t\t\t\t<\/div>\n\t\t\t\t\t<\/div>\n\t\t<\/div>\n\t\t\t\t<div class=\"elementor-column elementor-col-50 elementor-inner-column elementor-element elementor-element-2246406\" data-id=\"2246406\" data-element_type=\"column\" data-e-type=\"column\">\n\t\t\t<div class=\"elementor-widget-wrap elementor-element-populated\">\n\t\t\t\t\t\t<div class=\"elementor-element elementor-element-30a04be elementor-widget elementor-widget-text-editor\" data-id=\"30a04be\" data-element_type=\"widget\" data-e-type=\"widget\" data-widget_type=\"text-editor.default\">\n\t\t\t\t<div class=\"elementor-widget-container\">\n\t\t\t\t\t\t\t\t\t<p>As Etka-D Otomotiv, our goal;\nCreating engineering solutions over plastic components of vehicle seat group, trim, chassis systems, manufacturing the molds and producing components by combining the technology features with experience since 1990. As a solution partner of the main industries of aviation, defense, automotive, rail systems and high technology. We are reliable and preferred brand company that depends on the values.<\/p><p>The Scope of our company; Aviation, railway systems, automotive and tractor industry group \"passenger and driver\u2019s seat\" plastic parts, interior and exterior equipment and moulds related products design, production, marketing and sale.<\/p><p>P &amp; D department develops at least one new product per week. About 200 references are under patent. Numbers of reference in total more than 1250. In P &amp; D department, special industrial designs are transformed into samples with high-tech devices and offers for our dear valued customers.<\/p>\t\t\t\t\t\t\t\t<\/div>\n\t\t\t\t<\/div>\n\t\t\t\t\t<\/div>\n\t\t<\/div>\n\t\t\t\t\t<\/div>\n\t\t<\/section>\n\t\t\t\t<section class=\"elementor-section elementor-inner-section elementor-element elementor-element-1b0b616 elementor-section-boxed elementor-section-height-default elementor-section-height-default\" data-id=\"1b0b616\" data-element_type=\"section\" data-e-type=\"section\">\n\t\t\t\t\t\t<div class=\"elementor-container elementor-column-gap-default\">\n\t\t\t\t\t<div class=\"elementor-column elementor-col-50 elementor-inner-column elementor-element elementor-element-838ec42\" data-id=\"838ec42\" data-element_type=\"column\" data-e-type=\"column\">\n\t\t\t<div class=\"elementor-widget-wrap elementor-element-populated\">\n\t\t\t\t\t\t<div class=\"elementor-element elementor-element-7d7a9b2 elementor-widget elementor-widget-text-editor\" data-id=\"7d7a9b2\" data-element_type=\"widget\" data-e-type=\"widget\" data-widget_type=\"text-editor.default\">\n\t\t\t\t<div class=\"elementor-widget-container\">\n\t\t\t\t\t\t\t\t\t<p><span style=\"letter-spacing: 0.1px;\">Moulding equipments that demonstrate our technological superiority in our P &amp; D department. \n-400*500*600 mm size rapid prototype with FDM technology,\n-Three dimensional optical scanning (Reverse  Engineering),\n-Silicon Molding (MCP-Hek Tool with Nylon Module working with the first double robot system in the World-5.05) fully technological,\n-Photocentric Liquid Crystal Magna.<\/span><\/p><p><span style=\"letter-spacing: 0.1px;\">Our company, which can produce thermoplastic parts by injection method produces high sensitivity parts especially with reverse engineering plastics and can inject up to 8000 grams, 1250 ton closing force. Having the capacity to process more than 2.000 tons of plastic raw materials per year. At the same time the design and manufacture of molds in house. Within 8 bars knitting machine with electronic control, elastic net can be knitted in any size, pattern and shape.<\/span><\/p>\t\t\t\t\t\t\t\t<\/div>\n\t\t\t\t<\/div>\n\t\t\t\t\t<\/div>\n\t\t<\/div>\n\t\t\t\t<div class=\"elementor-column elementor-col-50 elementor-inner-column elementor-element elementor-element-9cd88e0\" data-id=\"9cd88e0\" data-element_type=\"column\" data-e-type=\"column\">\n\t\t\t<div class=\"elementor-widget-wrap elementor-element-populated\">\n\t\t\t\t\t\t<div class=\"elementor-element elementor-element-d2df1ce elementor-widget elementor-widget-image\" data-id=\"d2df1ce\" data-element_type=\"widget\" data-e-type=\"widget\" data-widget_type=\"image.default\">\n\t\t\t\t<div class=\"elementor-widget-container\">\n\t\t\t\t\t\t\t\t\t\t\t\t\t\t\t<img decoding=\"async\" width=\"300\" height=\"300\" src=\"https:\/\/www.etkaotomotiv.com\/wp-content\/uploads\/2021\/11\/LC-Magna-3D-Printer-Photocentric.jpg\" class=\"attachment-1536x1536 size-1536x1536 wp-image-2791\" alt=\"\" srcset=\"https:\/\/www.etkaotomotiv.com\/wp-content\/uploads\/2021\/11\/LC-Magna-3D-Printer-Photocentric.jpg 300w, https:\/\/www.etkaotomotiv.com\/wp-content\/uploads\/2021\/11\/LC-Magna-3D-Printer-Photocentric-150x150.jpg 150w, https:\/\/www.etkaotomotiv.com\/wp-content\/uploads\/2021\/11\/LC-Magna-3D-Printer-Photocentric-12x12.jpg 12w, https:\/\/www.etkaotomotiv.com\/wp-content\/uploads\/2021\/11\/LC-Magna-3D-Printer-Photocentric-285x285.jpg 285w\" sizes=\"(max-width: 300px) 100vw, 300px\" \/>\t\t\t\t\t\t\t\t\t\t\t\t\t\t\t<\/div>\n\t\t\t\t<\/div>\n\t\t\t\t\t<\/div>\n\t\t<\/div>\n\t\t\t\t\t<\/div>\n\t\t<\/section>\n\t\t\t\t<section class=\"elementor-section elementor-inner-section elementor-element elementor-element-445b491 elementor-section-boxed elementor-section-height-default elementor-section-height-default\" data-id=\"445b491\" data-element_type=\"section\" data-e-type=\"section\">\n\t\t\t\t\t\t<div class=\"elementor-container elementor-column-gap-default\">\n\t\t\t\t\t<div class=\"elementor-column elementor-col-100 elementor-inner-column elementor-element elementor-element-e7abb8d\" data-id=\"e7abb8d\" data-element_type=\"column\" data-e-type=\"column\">\n\t\t\t<div class=\"elementor-widget-wrap elementor-element-populated\">\n\t\t\t\t\t\t<div class=\"elementor-element elementor-element-7c0e339 elementor-drop-cap-yes elementor-drop-cap-view-default elementor-widget elementor-widget-text-editor\" data-id=\"7c0e339\" data-element_type=\"widget\" data-e-type=\"widget\" data-settings=\"{&quot;drop_cap&quot;:&quot;yes&quot;}\" data-widget_type=\"text-editor.default\">\n\t\t\t\t<div class=\"elementor-widget-container\">\n\t\t\t\t\t\t\t\t\t<p><strong>Developing by providing safe journeys with our comfortable and high quality products in the light of our designs that add value by adopting the motto \"We were inspired by the Perfection of Nature.\"<\/strong> We are proving our differences with the design of products, functions, procedures and devices in use.<\/p><p>We believe that success will increase by following and using technological developments in our company which cares about customer requests and needs in accordance with the principle of \u201dyou become a leader by showing directions and you will succeed by meeting expectations.\"<\/p>\t\t\t\t\t\t\t\t<\/div>\n\t\t\t\t<\/div>\n\t\t\t\t\t<\/div>\n\t\t<\/div>\n\t\t\t\t\t<\/div>\n\t\t<\/section>\n\t\t\t\t\t<\/div>\n\t\t<\/div>\n\t\t\t\t\t<\/div>\n\t\t<\/section>\n\t\t\t\t<section class=\"elementor-section elementor-top-section elementor-element elementor-element-9ff2a2a elementor-section-boxed elementor-section-height-default elementor-section-height-default\" data-id=\"9ff2a2a\" data-element_type=\"section\" data-e-type=\"section\">\n\t\t\t\t\t\t<div class=\"elementor-container elementor-column-gap-default\">\n\t\t\t\t\t<div class=\"elementor-column elementor-col-100 elementor-top-column elementor-element elementor-element-23cd301\" data-id=\"23cd301\" data-element_type=\"column\" data-e-type=\"column\">\n\t\t\t<div class=\"elementor-widget-wrap elementor-element-populated\">\n\t\t\t\t\t\t<div class=\"elementor-element elementor-element-8e3f766 elementor-widget-divider--view-line_text elementor-widget-divider--element-align-center elementor-widget elementor-widget-divider\" data-id=\"8e3f766\" data-element_type=\"widget\" data-e-type=\"widget\" data-widget_type=\"divider.default\">\n\t\t\t\t<div class=\"elementor-widget-container\">\n\t\t\t\t\t\t\t<div class=\"elementor-divider\">\n\t\t\t<span class=\"elementor-divider-separator\">\n\t\t\t\t\t\t\t<span class=\"elementor-divider__text elementor-divider__element\">\n\t\t\t\tOUR PROMOTION FILM\t\t\t\t<\/span>\n\t\t\t\t\t\t<\/span>\n\t\t<\/div>\n\t\t\t\t\t\t<\/div>\n\t\t\t\t<\/div>\n\t\t\t\t\t<\/div>\n\t\t<\/div>\n\t\t\t\t\t<\/div>\n\t\t<\/section>\n\t\t\t\t<section class=\"elementor-section elementor-top-section elementor-element elementor-element-a794b7b elementor-section-boxed elementor-section-height-default elementor-section-height-default\" data-id=\"a794b7b\" data-element_type=\"section\" data-e-type=\"section\">\n\t\t\t\t\t\t<div class=\"elementor-container elementor-column-gap-default\">\n\t\t\t\t\t<div class=\"elementor-column elementor-col-100 elementor-top-column elementor-element elementor-element-5c2f8ea\" data-id=\"5c2f8ea\" data-element_type=\"column\" data-e-type=\"column\">\n\t\t\t<div class=\"elementor-widget-wrap elementor-element-populated\">\n\t\t\t\t\t\t<div class=\"elementor-element elementor-element-d3512a5 elementor-widget elementor-widget-video\" data-id=\"d3512a5\" data-element_type=\"widget\" data-e-type=\"widget\" data-settings=\"{&quot;youtube_url&quot;:&quot;https:\\\/\\\/www.youtube.com\\\/watch?v=OGZWqnZexbI&amp;t=4s&quot;,&quot;autoplay&quot;:&quot;yes&quot;,&quot;play_on_mobile&quot;:&quot;yes&quot;,&quot;loop&quot;:&quot;yes&quot;,&quot;video_type&quot;:&quot;youtube&quot;,&quot;controls&quot;:&quot;yes&quot;}\" data-widget_type=\"video.default\">\n\t\t\t\t<div class=\"elementor-widget-container\">\n\t\t\t\t\t\t\t<div class=\"elementor-wrapper elementor-open-inline\">\n\t\t\t<div class=\"elementor-video\"><\/div>\t\t<\/div>\n\t\t\t\t\t\t<\/div>\n\t\t\t\t<\/div>\n\t\t\t\t\t<\/div>\n\t\t<\/div>\n\t\t\t\t\t<\/div>\n\t\t<\/section>\n\t\t\t\t<section class=\"elementor-section elementor-top-section elementor-element elementor-element-c7a2074 elementor-section-boxed elementor-section-height-default elementor-section-height-default\" data-id=\"c7a2074\" data-element_type=\"section\" data-e-type=\"section\">\n\t\t\t\t\t\t<div class=\"elementor-container elementor-column-gap-default\">\n\t\t\t\t\t<div class=\"elementor-column elementor-col-100 elementor-top-column elementor-element elementor-element-c6d429b\" data-id=\"c6d429b\" data-element_type=\"column\" data-e-type=\"column\">\n\t\t\t<div class=\"elementor-widget-wrap elementor-element-populated\">\n\t\t\t\t\t\t<div class=\"elementor-element elementor-element-d0ce25a elementor-widget-divider--view-line_icon elementor-view-default elementor-widget-divider--element-align-center elementor-widget elementor-widget-divider\" data-id=\"d0ce25a\" data-element_type=\"widget\" data-e-type=\"widget\" data-widget_type=\"divider.default\">\n\t\t\t\t<div class=\"elementor-widget-container\">\n\t\t\t\t\t\t\t<div class=\"elementor-divider\">\n\t\t\t<span class=\"elementor-divider-separator\">\n\t\t\t\t\t\t\t<div class=\"elementor-icon elementor-divider__element\">\n\t\t\t\t\t<i aria-hidden=\"true\" class=\"fas fa-map\"><\/i><\/div>\n\t\t\t\t\t\t<\/span>\n\t\t<\/div>\n\t\t\t\t\t\t<\/div>\n\t\t\t\t<\/div>\n\t\t\t\t\t<\/div>\n\t\t<\/div>\n\t\t\t\t\t<\/div>\n\t\t<\/section>\n\t\t\t\t<section class=\"elementor-section elementor-top-section elementor-element elementor-element-d32bfcf elementor-section-boxed elementor-section-height-default elementor-section-height-default\" data-id=\"d32bfcf\" data-element_type=\"section\" data-e-type=\"section\">\n\t\t\t\t\t\t<div class=\"elementor-container elementor-column-gap-default\">\n\t\t\t\t\t<div class=\"elementor-column elementor-col-100 elementor-top-column elementor-element elementor-element-fd38c48\" data-id=\"fd38c48\" data-element_type=\"column\" data-e-type=\"column\">\n\t\t\t<div class=\"elementor-widget-wrap elementor-element-populated\">\n\t\t\t\t\t\t<div class=\"elementor-element elementor-element-ded1765 elementor-widget elementor-widget-heading\" data-id=\"ded1765\" data-element_type=\"widget\" data-e-type=\"widget\" data-widget_type=\"heading.default\">\n\t\t\t\t<div class=\"elementor-widget-container\">\n\t\t\t\t\t<h2 class=\"elementor-heading-title elementor-size-default\">Overview<\/h2>\t\t\t\t<\/div>\n\t\t\t\t<\/div>\n\t\t\t\t<div class=\"elementor-element elementor-element-2f85ba0 elementor-invisible elementor-widget elementor-widget-image\" data-id=\"2f85ba0\" data-element_type=\"widget\" data-e-type=\"widget\" data-settings=\"{&quot;_animation&quot;:&quot;slideInUp&quot;}\" data-widget_type=\"image.default\">\n\t\t\t\t<div class=\"elementor-widget-container\">\n\t\t\t\t\t\t\t\t\t\t\t\t\t\t\t<img decoding=\"async\" width=\"2048\" height=\"1462\" src=\"https:\/\/www.etkaotomotiv.com\/wp-content\/uploads\/2021\/10\/OVWER-2048x1462.jpg\" class=\"attachment-2048x2048 size-2048x2048 wp-image-2563\" alt=\"\" srcset=\"https:\/\/www.etkaotomotiv.com\/wp-content\/uploads\/2021\/10\/OVWER-2048x1462.jpg 2048w, https:\/\/www.etkaotomotiv.com\/wp-content\/uploads\/2021\/10\/OVWER-300x214.jpg 300w, https:\/\/www.etkaotomotiv.com\/wp-content\/uploads\/2021\/10\/OVWER-1024x731.jpg 1024w, https:\/\/www.etkaotomotiv.com\/wp-content\/uploads\/2021\/10\/OVWER-768x548.jpg 768w, https:\/\/www.etkaotomotiv.com\/wp-content\/uploads\/2021\/10\/OVWER-1536x1097.jpg 1536w, https:\/\/www.etkaotomotiv.com\/wp-content\/uploads\/2021\/10\/OVWER-18x12.jpg 18w\" sizes=\"(max-width: 2048px) 100vw, 2048px\" \/>\t\t\t\t\t\t\t\t\t\t\t\t\t\t\t<\/div>\n\t\t\t\t<\/div>\n\t\t\t\t\t<\/div>\n\t\t<\/div>\n\t\t\t\t\t<\/div>\n\t\t<\/section>\n\t\t\t\t<\/div>","protected":false},"excerpt":{"rendered":"<p>Konfor ve Kaliteyi Do\u011fan\u0131n M\u00fckemmelli\u011finden \u0130lham Alarak Sunuyoruz&#8230; Etka-d Otomotiv olarak 1990 y\u0131l\u0131nda ara\u00e7 koltuk grubu, trim ve \u015fasi sistemlerinin plastik komponentlerini ve kal\u0131plar\u0131n\u0131 \u00fcretmek i\u00e7in \u00e7\u0131kt\u0131\u011f\u0131m\u0131z yolda hedefimiz havac\u0131l\u0131k, savunma, otomotiv, rayl\u0131 sistemler ve gelecekte f\u0131rsat olu\u015fturacak orta ve ileri teknoloji ana sanayilerin \u00f6ncelikli \u00e7\u00f6z\u00fcm orta\u011f\u0131 olarak; de\u011ferlerine ba\u011fl\u0131, g\u00fcvenilen ve tercih edilen marka [&hellip;]<\/p>","protected":false},"author":1,"featured_media":7076,"parent":0,"menu_order":0,"comment_status":"closed","ping_status":"closed","template":"templates\/full-width-page.php","meta":{"footnotes":""},"class_list":["post-10","page","type-page","status-publish","has-post-thumbnail","hentry"],"_links":{"self":[{"href":"https:\/\/www.etkaotomotiv.com\/en\/wp-json\/wp\/v2\/pages\/10","targetHints":{"allow":["GET"]}}],"collection":[{"href":"https:\/\/www.etkaotomotiv.com\/en\/wp-json\/wp\/v2\/pages"}],"about":[{"href":"https:\/\/www.etkaotomotiv.com\/en\/wp-json\/wp\/v2\/types\/page"}],"author":[{"embeddable":true,"href":"https:\/\/www.etkaotomotiv.com\/en\/wp-json\/wp\/v2\/users\/1"}],"replies":[{"embeddable":true,"href":"https:\/\/www.etkaotomotiv.com\/en\/wp-json\/wp\/v2\/comments?post=10"}],"version-history":[{"count":269,"href":"https:\/\/www.etkaotomotiv.com\/en\/wp-json\/wp\/v2\/pages\/10\/revisions"}],"predecessor-version":[{"id":7074,"href":"https:\/\/www.etkaotomotiv.com\/en\/wp-json\/wp\/v2\/pages\/10\/revisions\/7074"}],"wp:featuredmedia":[{"embeddable":true,"href":"https:\/\/www.etkaotomotiv.com\/en\/wp-json\/wp\/v2\/media\/7076"}],"wp:attachment":[{"href":"https:\/\/www.etkaotomotiv.com\/en\/wp-json\/wp\/v2\/media?parent=10"}],"curies":[{"name":"wp","href":"https:\/\/api.w.org\/{rel}","templated":true}]}}