{"id":937,"date":"2021-09-24T17:56:31","date_gmt":"2021-09-24T14:56:31","guid":{"rendered":"http:\/\/www.daio.info\/Firmalar\/etka-otomotiv\/?page_id=937"},"modified":"2022-01-12T17:14:06","modified_gmt":"2022-01-12T14:14:06","slug":"ur-ge","status":"publish","type":"page","link":"http:\/\/www.etkaotomotiv.com\/en\/ur-ge\/","title":{"rendered":"P&amp;D CENTER"},"content":{"rendered":"<div data-elementor-type=\"wp-page\" data-elementor-id=\"937\" class=\"elementor elementor-937\">\n\t\t\t\t\t\t<section class=\"elementor-section elementor-top-section elementor-element elementor-element-356fde6 elementor-section-boxed elementor-section-height-default elementor-section-height-default\" data-id=\"356fde6\" data-element_type=\"section\" data-e-type=\"section\">\n\t\t\t\t\t\t<div class=\"elementor-container elementor-column-gap-default\">\n\t\t\t\t\t<div class=\"elementor-column elementor-col-100 elementor-top-column elementor-element elementor-element-73eee1b\" data-id=\"73eee1b\" data-element_type=\"column\" data-e-type=\"column\">\n\t\t\t<div class=\"elementor-widget-wrap elementor-element-populated\">\n\t\t\t\t\t\t<div class=\"elementor-element elementor-element-99fac4c elementor-widget-divider--view-line_text elementor-widget-divider--element-align-center elementor-widget elementor-widget-divider\" data-id=\"99fac4c\" data-element_type=\"widget\" data-e-type=\"widget\" data-widget_type=\"divider.default\">\n\t\t\t\t<div class=\"elementor-widget-container\">\n\t\t\t\t\t\t\t<div class=\"elementor-divider\">\n\t\t\t<span class=\"elementor-divider-separator\">\n\t\t\t\t\t\t\t<span class=\"elementor-divider__text elementor-divider__element\">\n\t\t\t\tP&amp;D CENTER\t\t\t\t<\/span>\n\t\t\t\t\t\t<\/span>\n\t\t<\/div>\n\t\t\t\t\t\t<\/div>\n\t\t\t\t<\/div>\n\t\t\t\t<div class=\"elementor-element elementor-element-2b58c26 elementor-invisible elementor-widget elementor-widget-text-editor\" data-id=\"2b58c26\" data-element_type=\"widget\" data-e-type=\"widget\" data-settings=\"{&quot;_animation&quot;:&quot;fadeIn&quot;}\" data-widget_type=\"text-editor.default\">\n\t\t\t\t<div class=\"elementor-widget-container\">\n\t\t\t\t\t\t\t\t\t<p><strong>Teknolojik imk\u00e2nlar\u0131m\u0131zla tasar\u0131m ve \u00fcr\u00fcn devreye alma etkinli\u011fimiz \u00e7ok daha kuvvetli hale gelmi\u015ftir.<\/strong><\/p>\t\t\t\t\t\t\t\t<\/div>\n\t\t\t\t<\/div>\n\t\t\t\t<div class=\"elementor-element elementor-element-0329d0a elementor-invisible elementor-widget elementor-widget-image\" data-id=\"0329d0a\" data-element_type=\"widget\" data-e-type=\"widget\" data-settings=\"{&quot;_animation&quot;:&quot;fadeInDown&quot;}\" data-widget_type=\"image.default\">\n\t\t\t\t<div class=\"elementor-widget-container\">\n\t\t\t\t\t\t\t\t\t\t\t\t\t\t\t<img decoding=\"async\" src=\"https:\/\/www.etkaotomotiv.com\/wp-content\/uploads\/2021\/12\/urge-scaled.jpg\" title=\"enson\" alt=\"enson\" loading=\"lazy\" \/>\t\t\t\t\t\t\t\t\t\t\t\t\t\t\t<\/div>\n\t\t\t\t<\/div>\n\t\t\t\t\t<\/div>\n\t\t<\/div>\n\t\t\t\t\t<\/div>\n\t\t<\/section>\n\t\t\t\t<section class=\"elementor-section elementor-top-section elementor-element elementor-element-d8d28d7 elementor-section-boxed elementor-section-height-default elementor-section-height-default\" data-id=\"d8d28d7\" data-element_type=\"section\" data-e-type=\"section\">\n\t\t\t\t\t\t<div class=\"elementor-container elementor-column-gap-default\">\n\t\t\t\t\t<div class=\"elementor-column elementor-col-100 elementor-top-column elementor-element elementor-element-35585d6\" data-id=\"35585d6\" data-element_type=\"column\" data-e-type=\"column\">\n\t\t\t<div class=\"elementor-widget-wrap\">\n\t\t\t\t\t\t\t<\/div>\n\t\t<\/div>\n\t\t\t\t\t<\/div>\n\t\t<\/section>\n\t\t\t\t<section class=\"elementor-section elementor-top-section elementor-element elementor-element-a604f4c elementor-section-boxed elementor-section-height-default elementor-section-height-default\" data-id=\"a604f4c\" data-element_type=\"section\" data-e-type=\"section\">\n\t\t\t\t\t\t<div class=\"elementor-container elementor-column-gap-default\">\n\t\t\t\t\t<div class=\"elementor-column elementor-col-100 elementor-top-column elementor-element elementor-element-ace337c\" data-id=\"ace337c\" data-element_type=\"column\" data-e-type=\"column\">\n\t\t\t<div class=\"elementor-widget-wrap\">\n\t\t\t\t\t\t\t<\/div>\n\t\t<\/div>\n\t\t\t\t\t<\/div>\n\t\t<\/section>\n\t\t\t\t<section class=\"elementor-section elementor-top-section elementor-element elementor-element-85c64b9 elementor-section-boxed elementor-section-height-default elementor-section-height-default\" data-id=\"85c64b9\" data-element_type=\"section\" data-e-type=\"section\">\n\t\t\t\t\t\t<div class=\"elementor-container elementor-column-gap-default\">\n\t\t\t\t\t<div class=\"elementor-column elementor-col-100 elementor-top-column elementor-element elementor-element-c697a37\" data-id=\"c697a37\" data-element_type=\"column\" data-e-type=\"column\">\n\t\t\t<div class=\"elementor-widget-wrap elementor-element-populated\">\n\t\t\t\t\t\t\t<\/div>\n\t\t<\/div>\n\t\t\t\t\t<\/div>\n\t\t<\/section>\n\t\t\t\t<section class=\"elementor-section elementor-top-section elementor-element elementor-element-a1348f3 elementor-section-boxed elementor-section-height-default elementor-section-height-default\" data-id=\"a1348f3\" data-element_type=\"section\" data-e-type=\"section\">\n\t\t\t\t\t\t<div class=\"elementor-container elementor-column-gap-default\">\n\t\t\t\t\t<div class=\"elementor-column elementor-col-100 elementor-top-column elementor-element elementor-element-be7834c\" data-id=\"be7834c\" data-element_type=\"column\" data-e-type=\"column\">\n\t\t\t<div class=\"elementor-widget-wrap\">\n\t\t\t\t\t\t\t<\/div>\n\t\t<\/div>\n\t\t\t\t\t<\/div>\n\t\t<\/section>\n\t\t\t\t<\/div>","protected":false},"excerpt":{"rendered":"<p>\u00dcR-GE MERKEZ\u0130 Teknolojik imk\u00e2nlar\u0131m\u0131zla tasar\u0131m ve \u00fcr\u00fcn devreye alma etkinli\u011fimiz \u00e7ok daha kuvvetli hale gelmi\u015ftir.<\/p>","protected":false},"author":2,"featured_media":7101,"parent":0,"menu_order":0,"comment_status":"closed","ping_status":"closed","template":"","meta":{"footnotes":""},"class_list":["post-937","page","type-page","status-publish","has-post-thumbnail","hentry"],"_links":{"self":[{"href":"http:\/\/www.etkaotomotiv.com\/en\/wp-json\/wp\/v2\/pages\/937","targetHints":{"allow":["GET"]}}],"collection":[{"href":"http:\/\/www.etkaotomotiv.com\/en\/wp-json\/wp\/v2\/pages"}],"about":[{"href":"http:\/\/www.etkaotomotiv.com\/en\/wp-json\/wp\/v2\/types\/page"}],"author":[{"embeddable":true,"href":"http:\/\/www.etkaotomotiv.com\/en\/wp-json\/wp\/v2\/users\/2"}],"replies":[{"embeddable":true,"href":"http:\/\/www.etkaotomotiv.com\/en\/wp-json\/wp\/v2\/comments?post=937"}],"version-history":[{"count":779,"href":"http:\/\/www.etkaotomotiv.com\/en\/wp-json\/wp\/v2\/pages\/937\/revisions"}],"predecessor-version":[{"id":7150,"href":"http:\/\/www.etkaotomotiv.com\/en\/wp-json\/wp\/v2\/pages\/937\/revisions\/7150"}],"wp:featuredmedia":[{"embeddable":true,"href":"http:\/\/www.etkaotomotiv.com\/en\/wp-json\/wp\/v2\/media\/7101"}],"wp:attachment":[{"href":"http:\/\/www.etkaotomotiv.com\/en\/wp-json\/wp\/v2\/media?parent=937"}],"curies":[{"name":"wp","href":"https:\/\/api.w.org\/{rel}","templated":true}]}}